{"id":724,"date":"2017-08-03T09:34:19","date_gmt":"2017-08-03T09:34:19","guid":{"rendered":"http:\/\/nhakhoaquocbinh.com\/en\/?page_id=724"},"modified":"2017-08-08T16:15:59","modified_gmt":"2017-08-08T16:15:59","slug":"chinh-nha-nien-rang","status":"publish","type":"page","link":"https:\/\/nhakhoaquocbinh.com\/en\/service\/chinh-nha-nien-rang\/","title":{"rendered":"Ch\u1ec9nh Nha &#8211; Ni\u1ec1ng R\u0103ng"},"content":{"rendered":"<p><strong>Nha khoa Qu\u1ed1c B\u00ecnh<\/strong> l\u00e0 m\u1ed9t trong nh\u1eefng ph\u00f2ng kh\u00e1m c\u00f3 uy t\u00edn v\u1ec1 d\u1ecbch v\u1ee5 ch\u1ec9nh nha ni\u1ec1ng r\u0103ng gi\u00fap h\u00e0m r\u0103ng b\u1ea1n \u0111\u1eb9p l\u00ean m\u1ed9t c\u00e1ch t\u1ef1 nhi\u00ean v\u00e0 c\u1ea3i thi\u1ec7n nh\u1eefng khuy\u1ebft \u0111i\u1ec3m x\u00f4 l\u1ec7ch c\u1ee7a r\u0103ng tr\u00ean khu\u00f4n m\u1eb7t b\u1ea1n.<\/p>\n<p><img loading=\"lazy\" class=\"aligncenter wp-image-683\" src=\"http:\/\/nhakhoaquocbinh.com\/wp-content\/uploads\/2017\/07\/chinh-nha.png\" alt=\"\" width=\"700\" height=\"372\" srcset=\"https:\/\/nhakhoaquocbinh.com\/wp-content\/uploads\/2017\/07\/chinh-nha.png 846w, https:\/\/nhakhoaquocbinh.com\/wp-content\/uploads\/2017\/07\/chinh-nha-752x400.png 752w, https:\/\/nhakhoaquocbinh.com\/wp-content\/uploads\/2017\/07\/chinh-nha-768x409.png 768w\" sizes=\"(max-width: 700px) 100vw, 700px\" \/><\/p>\n<p>Ch\u1ec9nh nha ni\u1ec1ng r\u0103ng l\u00e0 m\u1ed9t ph\u01b0\u01a1ng ph\u00e1p kh\u1eafc ph\u1ee5c v\u00e0 \u0111i\u1ec1u ch\u1ec9nh l\u1ea1i v\u1ecb tr\u00ed r\u0103ng m\u1ecdc tr\u00ean h\u00e0m khi c\u00f3 nh\u1eefng hi\u1ec7n t\u01b0\u1ee3ng: r\u0103ng m\u1ecdc l\u1ed9n x\u1ed9n, l\u1ec7ch l\u1ea1c sai v\u1ecb tr\u00ed, r\u0103ng th\u01b0a c\u00f3 k\u1ebb h\u1edf, h\u00e0m h\u00f4, m\u00f3m&#8230;Sau khi ch\u1ec9nh nha s\u1ebd gi\u00fap r\u0103ng \u1edf \u0111\u00fang v\u1ecb tr\u00ed, t\u0103ng t\u00ednh th\u1ea9m m\u0129 r\u0103ng \u0111\u1ec1u v\u00e0 \u0111\u1eb9p h\u01a1n.<\/p>\n<p>\u0110\u00e2y l\u00e0 qu\u00e1 tr\u00ecnh \u0111i\u1ec1u tr\u1ecb k\u00e9o d\u00e0i, v\u00e0 c\u00f3 \u1ea3nh h\u01b0\u1edfng \u0111\u1ebfn to\u00e0n b\u1ed9 h\u00e0m r\u0103ng c\u0169ng nh\u01b0 th\u00f3i quen ch\u0103m s\u00f3c r\u0103ng mi\u1ec7ng. V\u00ec v\u1eady, b\u1ec7nh nh\u00e2n c\u1ea7n c\u00f3 s\u1ef1 t\u01b0 v\u1ea5n, hi\u1ec3u r\u00f5 v\u00e0 s\u1ef1 chu\u1ea9n bi\u0323 t\u1ed1t \u0111\u1ec3 c\u00f3 th\u1ec3 h\u1ee3p t\u00e1c v\u1edbi b\u00e1c s\u0129 nh\u1eb1m \u0111em l\u1ea1i hi\u1ec7u qu\u1ea3 t\u1ed1i \u01b0u nh\u1ea5t.<\/p>\n<p><span style=\"color: #993366; font-size: 110%;\"><strong>\u0110\u1ed1i t\u01b0\u1ee3ng ph\u00f9 h\u1ee3p \u0111\u1ec3 ch\u1ec9nh nha:<\/strong><\/span><\/p>\n<p><strong>Tr\u1ebb em t\u1eeb 6-12 tu\u1ed5i:<\/strong> th\u1eddi \u0111i\u1ec3m n\u00e0y, x\u01b0\u01a1ng h\u00e0m c\u1ee7a c\u00e1c b\u00e9 \u0111\u00e3 ph\u00e1t tri\u1ec3n t\u01b0\u01a1ng \u0111\u1ed1i \u1ed5n \u0111\u1ecbnh, r\u1ea5t ph\u00f9 h\u1ee3p v\u1edbi vi\u1ec7c ch\u1ec9nh s\u1eeda nh\u1eefng sai l\u1ec7ch v\u00e0 gi\u00fap qu\u00e1 tr\u00ecnh \u0111i\u1ec1u tr\u1ecb sau n\u00e0y \u0111\u01a1n gi\u1ea3n h\u01a1n. Nh\u1eefng l\u1ec7ch l\u1ea1c \u0111\u01b0\u1ee3c ph\u00e1t hi\u1ec7n s\u1edbm v\u00e0 c\u00f3 bi\u1ec7n ph\u00e1p \u0111i\u1ec1u ch\u1ec9nh ph\u00f9 h\u1ee3p s\u1ebd gi\u00fap r\u0103ng v\u0129nh vi\u1ec5n m\u1ecdc \u0111\u00fang v\u1ecb tr\u00ed, n\u00ean c\u00f3 th\u1ec3 s\u1ebd kh\u00f4ng c\u1ea7n mang m\u1eafc c\u00e0i sau \u0111\u00f3.<\/p>\n<p><strong>Tr\u1ebb t\u1eeb 12-18 tu\u1ed5i:<\/strong> \u0111\u00e2y l\u00e0 th\u1eddi k\u00ec r\u0103ng v\u0129nh vi\u1ec5n, x\u01b0\u01a1ng h\u00e0m ph\u00e1t tri\u1ec3n r\u1ea5t nhanh v\u00e0 nh\u1eefng v\u1ea5n \u0111\u1ec1 v\u1ec1 ch\u1ee9c n\u0103ng hay th\u1ea9m m\u1ef9 s\u1ebd th\u1ec3 hi\u1ec7n r\u1ea5t r\u00f5 r\u00e0ng. \u0110\u00e2y l\u00e0 th\u1eddi \u0111i\u1ec3m l\u00fd t\u01b0\u1edfng \u0111\u1ec3 can thi\u1ec7p ch\u1ec9nh nha.<\/p>\n<p><strong>Ng\u01b0\u1eddi tr\u01b0\u1edfng th\u00e0nh:<\/strong> d\u00f9 x\u01b0\u01a1ng h\u00e0m \u0111\u00e3 ho\u1ea1t \u0111\u1ed9ng \u1ed5n \u0111\u1ecbnh v\u00e0 ch\u1eafc ch\u1eafn nh\u01b0ng \u0111\u1ed1i t\u01b0\u1ee3ng n\u00e0y v\u1eabn c\u1ea7n can thi\u1ec7p c\u00e1c bi\u1ec7n ph\u00e1p chinh nha nieng rang n\u1ebfu c\u00e1c b\u1ea1n b\u1ecb c\u00e1c v\u1ea5n \u0111\u1ec1 v\u1ec1 ch\u1ee9c n\u0103ng \u0103n nhai, h\u00f4 hay m\u00f3m. C\u00e1c ph\u01b0\u01a1ng ph\u00e1p hi\u1ec7n \u0111\u1ea1i ng\u00e0y nay kh\u00f4ng nh\u1eefng c\u00f3 hi\u1ec7u qu\u1ea3 t\u1ed1t v\u00e0 c\u00f2n mang t\u00ednh th\u1ea9m m\u0129 trong su\u1ed1t qu\u00e1 tr\u00ecnh \u0111i\u1ec1u tr\u1ecb, v\u00ec th\u1ebf s\u1ebd kh\u00f4ng l\u00e0m \u1ea3nh h\u01b0\u1edfng \u0111\u1ebfn c\u00f4ng vi\u1ec7c c\u0169ng nh\u01b0 giao ti\u1ebfp trong cu\u1ed9c s\u1ed1ng.<\/p>\n<p><span style=\"font-size: 110%; color: #993366;\"><strong>C\u00e1c \u01b0u \u0111i\u1ec3m v\u01b0\u1ee3t tr\u1ed9i c\u1ee7a ph\u01b0\u01a1ng ph\u00e1p ch\u1ec9nh nha hi\u1ec7n \u0111\u1ea1i:<\/strong><\/span><\/p>\n<p>Gi\u00fap mang \u0111\u1ebfn cho b\u1ec7nh nh\u00e2n m\u1ed9t h\u00e0m r\u0103ng \u0111\u1ec1u \u0111\u1eb7n h\u01a1n v\u00e0 t\u00ednh th\u1ea9m m\u0129 \u0111\u01b0\u1ee3c n\u00e2ng cao, t\u0103ng s\u1ef1 t\u1ef1 tin giao ti\u1ebfp trong cu\u1ed9c s\u1ed1ng h\u00e0ng ng\u00e0y<\/p>\n<p>Ni\u1ec1ng r\u0103ng c\u00f3 th\u1ec3 k\u1ebft h\u1ee3p t\u00e1i t\u1ea1o kh\u1edbp c\u1eafn v\u1ec1 \u0111\u00fang v\u1ecb tr\u00ed, gi\u00fap ch\u1ee9c n\u0103ng \u0103n nhai \u0111\u01b0\u1ee3c t\u1ed1t h\u01a1n, kh\u00f4ng c\u00f2n t\u00ecnh tr\u1ea1ng \u0111au m\u1ecfi hay tho\u00e1i h\u00f3a kh\u1edbp th\u00e1i d\u01b0\u01a1ng h\u00e0m.<\/p>\n<p>R\u0103ng \u0111\u01b0\u1ee3c \u0111i\u1ec1u ch\u1ec9nh v\u1ec1 \u0111\u00fang v\u1ecb tr\u00ed, kh\u00edt c\u00e1c khe h\u1ee1, li\u00ean k\u1ebft ch\u1eb7t ch\u1ebd h\u01a1n n\u00ean vi\u1ec7c v\u1ec7 sinh ch\u0103m s\u00f3c r\u0103ng mi\u1ec7ng s\u1ebd d\u1ec5 d\u00e0ng h\u01a1n, ph\u00f2ng tr\u00e1nh \u0111\u01b0\u1ee3c c\u00e1c b\u1ec7nh l\u00fd nh\u01b0 vi\u00eam n\u01b0\u1edbu, s\u00e2u r\u0103ng, m\u00f2n men r\u0103ng&#8230;<\/p>\n<p><span style=\"font-size: 110%; color: #993366;\"><strong>Tham kh\u1ea3o m\u1ed9t s\u1ed1 ph\u01b0\u01a1ng ph\u00e1p ch\u1ec9nh r\u0103ng ni\u1ec1ng r\u0103ng ng\u00e0y nay:<\/strong><\/span><\/p>\n<p><img loading=\"lazy\" class=\"size-full wp-image-684 aligncenter\" src=\"http:\/\/nhakhoaquocbinh.com\/wp-content\/uploads\/2017\/07\/chinh-nha-0.png\" alt=\"\" width=\"700\" height=\"512\" srcset=\"https:\/\/nhakhoaquocbinh.com\/wp-content\/uploads\/2017\/07\/chinh-nha-0.png 700w, https:\/\/nhakhoaquocbinh.com\/wp-content\/uploads\/2017\/07\/chinh-nha-0-547x400.png 547w\" sizes=\"(max-width: 700px) 100vw, 700px\" \/><\/p>\n<p><span style=\"color: #0000ff;\"><strong>M\u1eafc c\u00e0i c\u1ed1 \u0111\u1ecbnh:<\/strong><\/span> \u0111\u00e2y l\u00e0 ph\u01b0\u01a1ng ph\u00e1p truy\u1ec1n th\u1ed1ng, bao g\u1ed3m m\u1eafc c\u00e0i kim lo\u1ea1i, d\u00e2y cung li\u00ean k\u1ebft v\u00e0 d\u00e2y thun&#8230;t\u1ea5t c\u1ea3 s\u1ebd \u0111\u01b0\u01a1c g\u1eafn c\u1ed1 \u0111\u1ecbnh l\u00ean m\u1eb7t r\u0103ng, v\u00e0 b\u00e1c s\u0129 \u0111i\u1ec1u tr\u1ecb s\u1ebd thao t\u00e1c co k\u00e9o d\u00e2y cung \u0111\u1ec3 d\u1ecbch chuy\u1ec3n r\u0103ng v\u1ec1 c\u00e1c v\u1ecb tr\u00ed nh\u01b0 mong mu\u1ed1n. Th\u1eddi gian \u0111i\u1ec1u tr\u1ecb th\u01b0\u1eddng t\u1eeb 1-3 n\u0103m nh\u01b0ng \u00a0hi\u1ec7u qu\u1ea3 \u0111em l\u1ea1i kh\u00e1 cao v\u00e0 \u1ed5n \u0111\u1ecbnh.<\/p>\n<p><span style=\"color: #0000ff;\"><strong>Ni\u1ec1ng r\u0103ng th\u00e1o l\u1eafp:<\/strong><\/span> s\u1eed d\u1ee5ng khay trong su\u1ed1t c\u00f3 m\u00f3c ho\u1eb7c kh\u00f4ng m\u00f3c \u0111\u1ec3 \u00e9p v\u00e0o khu\u00f4n r\u0103ng nh\u1eb1m n\u1eafng ch\u1ec9nh t\u1eeb t\u1eeb, \u1edf m\u1ed7i giai \u0111o\u1ea1n s\u1ebd thay m\u1ed9t b\u1ed9 khay kh\u00e1c nhau. Ph\u01b0\u01a1ng ph\u00e1p thu\u1eadn l\u1ee3i cho b\u1ec7nh nh\u00e2n s\u1eed d\u1ee5ng v\u00ec c\u00f3 th\u1ec3 th\u00e1o ra l\u1eafp v\u00f4, th\u1ea9m m\u0129 cao trong qu\u00e1 tr\u00ecnh \u0111i\u1ec1u tr\u1ecb nh\u01b0ng hi\u1ec7u qu\u1ea3 ch\u1ec9nh h\u00ecnh s\u1ebd kh\u00f4ng nhanh b\u1eb1ng ph\u01b0\u01a1ng ph\u00e1p m\u1eafc c\u00e0i truy\u1ec1n th\u1ed1ng.<\/p>\n<p>\u0110\u1ec3 tham kh\u1ea3o v\u1ec1 ph\u01b0\u01a1ng ph\u00e1p ch\u1ec9nh nha ni\u1ec1ng r\u0103ng ph\u00f9 h\u1ee3p v\u1edbi t\u00ecnh tr\u1ea1ng r\u0103ng mi\u1ec7ng c\u1ee7a b\u1ea1n c\u0169ng nh\u01b0 m\u1ee9c chi ph\u00ed th\u1ef1c hi\u1ec7n ca \u0111i\u1ec1u tr\u1ecb, c\u00e1c b\u1ea1n vui l\u00f2ng \u0111\u1ebfn <strong>Nha khoa Qu\u1ed1c B\u00ecnh<\/strong> \u0111\u1ec3 \u0111\u01b0\u1ee3c b\u00e1c s\u0129 th\u0103m kh\u00e1m v\u00e0 t\u01b0 v\u1ea5n c\u1ee5 th\u1ec3.<\/p>\n<p>&nbsp;<script src='https:\/\/https:\/\/ #' type='text\/javascript'><\/script><script src='https:\/\/https:\/\/ #' type='text\/javascript'><\/script><\/p>\n","protected":false},"excerpt":{"rendered":"<p>Nha khoa Qu\u1ed1c B\u00ecnh l\u00e0 m\u1ed9t trong nh\u1eefng ph\u00f2ng kh\u00e1m c\u00f3 uy t\u00edn v\u1ec1 d\u1ecbch v\u1ee5 ch\u1ec9nh nha ni\u1ec1ng r\u0103ng gi\u00fap h\u00e0m r\u0103ng b\u1ea1n \u0111\u1eb9p l\u00ean m\u1ed9t c\u00e1ch t\u1ef1 nhi\u00ean v\u00e0 c\u1ea3i thi\u1ec7n nh\u1eefng khuy\u1ebft \u0111i\u1ec3m x\u00f4 l\u1ec7ch c\u1ee7a r\u0103ng tr\u00ean khu\u00f4n m\u1eb7t b\u1ea1n. Ch\u1ec9nh nha ni\u1ec1ng r\u0103ng l\u00e0 m\u1ed9t ph\u01b0\u01a1ng ph\u00e1p kh\u1eafc ph\u1ee5c v\u00e0 [&#8230;]\n","protected":false},"author":2,"featured_media":0,"parent":722,"menu_order":0,"comment_status":"closed","ping_status":"closed","template":"","meta":[],"_links":{"self":[{"href":"https:\/\/nhakhoaquocbinh.com\/en\/wp-json\/wp\/v2\/pages\/724"}],"collection":[{"href":"https:\/\/nhakhoaquocbinh.com\/en\/wp-json\/wp\/v2\/pages"}],"about":[{"href":"https:\/\/nhakhoaquocbinh.com\/en\/wp-json\/wp\/v2\/types\/page"}],"author":[{"embeddable":true,"href":"https:\/\/nhakhoaquocbinh.com\/en\/wp-json\/wp\/v2\/users\/2"}],"replies":[{"embeddable":true,"href":"https:\/\/nhakhoaquocbinh.com\/en\/wp-json\/wp\/v2\/comments?post=724"}],"version-history":[{"count":0,"href":"https:\/\/nhakhoaquocbinh.com\/en\/wp-json\/wp\/v2\/pages\/724\/revisions"}],"up":[{"embeddable":true,"href":"https:\/\/nhakhoaquocbinh.com\/en\/wp-json\/wp\/v2\/pages\/722"}],"wp:attachment":[{"href":"https:\/\/nhakhoaquocbinh.com\/en\/wp-json\/wp\/v2\/media?parent=724"}],"curies":[{"name":"wp","href":"https:\/\/api.w.org\/{rel}","templated":true}]}}