{"id":730,"date":"2017-08-03T09:35:56","date_gmt":"2017-08-03T09:35:56","guid":{"rendered":"http:\/\/nhakhoaquocbinh.com\/en\/?page_id=730"},"modified":"2017-08-03T09:35:56","modified_gmt":"2017-08-03T09:35:56","slug":"nha-khoa-tham","status":"publish","type":"page","link":"https:\/\/nhakhoaquocbinh.com\/en\/service\/nha-khoa-tham\/","title":{"rendered":"NHA KHOA TH\u1ea8M M\u1ef8"},"content":{"rendered":"<p><span style=\"font-size: 105%;\">B\u1ea1n c\u00f3 bi\u1ebft c\u00e1ch c\u1ea3i thi\u1ec7n n\u1ee5 c\u01b0\u1eddi c\u1ee7a m\u00ecnh? Hay b\u1ea1n lu\u00f4n \u01b0u t\u01b0 \u0111\u1ec3 \u0111i t\u00ecm n\u1ee5 c\u01b0\u1eddi ho\u00e0n h\u1ea3o? Chuy\u00ean m\u1ee5c nha khoa th\u1ea9m m\u1ef9 s\u1ebd gi\u00fap c\u00e1c b\u1ea1n c\u00f3 th\u00eam hi\u1ec3u bi\u1ebft v\u1ec1 v\u1ea5n \u0111\u1ec1 l\u00e0m \u0111\u1eb9p r\u0103ng mi\u1ec7ng, gi\u00fap c\u00e1c b\u1ea1n t\u1ef1 tin h\u01a1n trong cu\u1ed9c s\u1ed1ng m\u1ed7i ng\u00e0y.<\/span><\/p>\n<p><img loading=\"lazy\" class=\"aligncenter wp-image-705\" src=\"http:\/\/nhakhoaquocbinh.com\/wp-content\/uploads\/2017\/07\/nha-khoa-quoc-binh-3.png\" alt=\"\" width=\"700\" height=\"335\" srcset=\"https:\/\/nhakhoaquocbinh.com\/wp-content\/uploads\/2017\/07\/nha-khoa-quoc-binh-3.png 960w, https:\/\/nhakhoaquocbinh.com\/wp-content\/uploads\/2017\/07\/nha-khoa-quoc-binh-3-800x383.png 800w, https:\/\/nhakhoaquocbinh.com\/wp-content\/uploads\/2017\/07\/nha-khoa-quoc-binh-3-768x368.png 768w\" sizes=\"(max-width: 700px) 100vw, 700px\" \/><\/p>\n<p><span style=\"font-size: 105%;\">\u0110i\u1ec1u \u1ea5n t\u01b0\u1ee3ng nh\u1ea5t c\u1ee7a b\u1ea1n v\u1edbi ng\u01b0\u1eddi \u0111\u1ed1i di\u1ec7n ch\u00ednh l\u00e0 n\u1ee5 c\u01b0\u1eddi t\u01b0\u01a1i v\u00e0 g\u01b0\u01a1ng m\u1eb7t r\u1ea1ng r\u1ee1. Trong giao ti\u1ebfp, th\u1eddi kh\u1eafc v\u00e0ng l\u00e0 3 gi\u00e2y \u0111\u1ea7u ti\u00ean \u0111\u1ec3 c\u00f3 th\u1ec3 t\u1ea1o li\u00ean k\u1ebft v\u1edbi \u0111\u1ed1i ph\u01b0\u01a1ng. N\u1ebfu b\u1ea1n may m\u1eafn c\u00f3 m\u1ed9t n\u1ee5 c\u01b0\u1eddi \u0111\u1eb9p th\u00ec th\u1eadt tuy\u1ec7t v\u1eddi, nh\u01b0ng n\u1ebfu ch\u1eb3ng may b\u1ea1n g\u1eb7p ph\u1ea3i m\u1ed9t khi\u1ebfm khuy\u1ebft n\u00e0o \u0111\u00f3 v\u00e0 l\u00e0m m\u1ea5t \u0111i s\u1ef1 t\u1ef1 tin trong giao ti\u1ebfp th\u00ec ch\u00fang t\u00f4i khuy\u00ean b\u1ea1n n\u00ean s\u1edbm t\u00ecm ra gi\u1ea3i ph\u00e1p \u0111\u1ec3 kh\u1eafc ph\u1ee5c nh\u00e9.<\/span><\/p>\n<p><span style=\"color: #993366; font-size: 110%;\"><strong>M\u1ed9t s\u1ed1 v\u1ea5n \u0111\u1ec1 g\u1eb7p ph\u1ea3i v\u1ec1 m\u1eb7t th\u1ea9m m\u1ef9 cho khu\u00f4n mi\u1ec7ng<\/strong>:<\/span><\/p>\n<p><span style=\"font-size: 105%;\">R\u0103ng h\u00f4, r\u0103ng l\u1ec7ch l\u1ea1c, r\u0103ng m\u1ea5t qu\u00e1 nhi\u1ec1u, r\u0103ng s\u1eadm m\u00e0u do nhi\u1ec5m tetracyline hay c\u01b0\u1eddi h\u1edf l\u1ee3i\u2026<\/span><\/p>\n<p><span style=\"font-size: 105%;\">V\u1edbi khoa h\u1ecdc k\u1ef9 thu\u1eadt ti\u00ean ti\u1ebfn ng\u00e0y nay, th\u00ec m\u1ecdi v\u1ea5n \u0111\u1ec1 tr\u00ean \u0111\u1ec1u c\u00f3 th\u1ec3 kh\u1eafc ph\u1ee5c \u0111\u01b0\u1ee3c b\u1eb1ng nh\u1eefng ph\u01b0\u01a1ng ph\u00e1p nh\u01b0\u00a0ch\u1ec9nh r\u0103ng ni\u1ec1ng r\u0103ng, ph\u1ee5c h\u00ecnh r\u0103ng s\u1ee9, c\u1ea5y gh\u00e9p implant, m\u1eb7t d\u00e1n s\u1ee9 Veneer, t\u1ea9y tr\u1eafng r\u0103ng v\u00e0 th\u1ea9m m\u1ef9 n\u01b0\u1edbu. M\u1ed9t s\u1ed1 tr\u01b0\u1eddng h\u1ee3p c\u1ea7n s\u1ef1 k\u1ebft h\u1ee3p nhu\u1ea7n nhuy\u1ec5n c\u1ee7a nhi\u1ec1u ph\u01b0\u01a1ng ph\u00e1p \u0111\u1ec3 mang \u0111\u1ebfn cho b\u1ea1n m\u1ed9t h\u00e0m r\u0103ng ho\u00e0n ch\u1ec9nh nh\u1ea5t.<\/span><\/p>\n<p><span style=\"font-size: 110%;\"><strong><span style=\"color: #993366;\">T\u1ef1 tin h\u01a1n khi l\u1ef1a ch\u1ecdn n\u1ee5 c\u01b0\u1eddi cho ch\u00ednh m\u00ecnh.<\/span> <\/strong><\/span><\/p>\n<p><img loading=\"lazy\" class=\"aligncenter wp-image-707\" src=\"http:\/\/nhakhoaquocbinh.com\/wp-content\/uploads\/2017\/07\/nha-khoa-quoc-binh-4.jpg\" alt=\"\" width=\"700\" height=\"381\" srcset=\"https:\/\/nhakhoaquocbinh.com\/wp-content\/uploads\/2017\/07\/nha-khoa-quoc-binh-4.jpg 1000w, https:\/\/nhakhoaquocbinh.com\/wp-content\/uploads\/2017\/07\/nha-khoa-quoc-binh-4-735x400.jpg 735w, https:\/\/nhakhoaquocbinh.com\/wp-content\/uploads\/2017\/07\/nha-khoa-quoc-binh-4-768x418.jpg 768w\" sizes=\"(max-width: 700px) 100vw, 700px\" \/><\/p>\n<p><span style=\"font-size: 105%;\">Sau khi \u0111\u00e3 th\u0103m kh\u00e1m v\u00e0 x\u00e1c \u0111\u1ecbnh \u0111\u01b0\u1ee3c c\u00e1c y\u1ebfu t\u1ed1 c\u1ea7n kh\u1eafc ph\u1ee5c \u0111\u1ec3 c\u00f3 n\u1ee5 c\u01b0\u1eddi nh\u01b0 \u00fd. B\u1ea1n v\u1eabn c\u00f3 th\u1ec3 trao \u0111\u1ed5i v\u1edbi b\u00e1c s\u0129 \u0111i\u1ec1u tr\u1ecb v\u1ec1 vi\u1ec7c thay \u0111\u1ed5i ho\u00e0n to\u00e0n hay s\u1ebd gi\u1eef l\u1ea1i m\u1ed9t ch\u00fat n\u00e9t \u0111\u1eb7c tr\u01b0ng ri\u00eang c\u1ee7a m\u00ecnh ch\u1eb3ng h\u1ea1n nh\u01b0 chi\u1ebfc r\u0103ng kh\u1ec3nh l\u00e0m duy\u00ean, c\u0169ng nh\u01b0 v\u1ec1 m\u00e0u s\u1eafc r\u0103ng sau khi t\u1ea9y tr\u1eafng, b\u1ea1n c\u00f3 th\u1ec3 ch\u1ecdn theo phong c\u00e1ch ngh\u1ec7 s\u0129 \u0111ang th\u1ecbnh h\u00e0nh v\u1edbi h\u00e0m r\u0103ng tr\u1eafng mu\u1ed1t hay \u0111\u01a1n gi\u1ea3n ch\u1ec9 c\u1ea7n tr\u1eafng s\u00e1ng nh\u1eb9 nh\u00e0ng ph\u00f9 h\u1ee3p v\u1edbi t\u1ed5ng th\u1ec3 g\u01b0\u01a1ng m\u1eb7t.<\/span><\/p>\n<p><span style=\"color: #993366; font-size: 110%;\"><strong>Nha khoa th\u1ea9m m\u1ef9 \u1edf \u0111\u00e2u l\u00e0 t\u1ed1t nh\u1ea5t?<\/strong><\/span><\/p>\n<p><span style=\"font-size: 105%;\">Hi\u1ec7n nay, c\u00f3 r\u1ea5t nhi\u1ec1u ph\u00f2ng kh\u00e1m nha khoa, tuy nhi\u00ean \u0111\u00e1nh gi\u00e1 v\u1ec1 ch\u1ea5t l\u01b0\u1ee3ng l\u00e0 \u0111i\u1ec1u kh\u00f4ng ph\u1ea3i d\u1ec5 d\u00e0ng g\u00ec v\u1edbi \u201cd\u00e2n ngo\u1ea1i \u0111\u1ea1o\u201d. V\u00ec th\u1ebf \u0111\u1ec3 c\u00f3 s\u1ef1 an t\u00e2m cho b\u1ea3n th\u00e2n, tr\u01b0\u1edbc khi s\u1eed d\u1ee5ng d\u1ecbch v\u1ee5 nha khoa th\u1ea9m m\u1ef9 r\u0103ng, b\u1ea1n c\u1ea7n tham kh\u1ea3o kh\u1ea3o \u00fd ki\u1ebfn t\u1eeb nhi\u1ec1u ph\u00eda. Ch\u1eb3ng h\u1ea1n:<\/span><\/p>\n<ul>\n<li><span style=\"font-size: 105%;\">Ph\u00f2ng kh\u00e1m m\u00e0 b\u1ea1n b\u00e8 b\u1ea1n \u0111\u00e3 s\u1eed d\u1ee5ng v\u00e0 gi\u1edbi thi\u1ec7u hay n\u01a1i m\u00e0 b\u1ea1n th\u1ea5y c\u00f3 r\u1ea5t nhi\u1ec1u kh\u00e1ch h\u00e0ng khen ng\u1ee3i.<\/span><\/li>\n<li><span style=\"font-size: 105%;\">Ph\u00f2ng kh\u00e1m c\u00f3 k\u1ebft h\u1ee3p \u0111\u1ea7y \u0111\u1ee7 nhi\u1ec1u ph\u01b0\u01a1ng ph\u00e1p \u0111i\u1ec1u tr\u1ecb: nha khoa t\u1ed5ng qu\u00e1t,\u00a0ph\u1ee5c h\u00ecnh r\u0103ng s\u1ee9, ch\u1ec9nh r\u0103ng ni\u1ec1ng r\u0103ng, t\u1ea9y tr\u1eafng r\u0103ng theo c\u00f4ng ngh\u1ec7 m\u1edbi\u2026s\u1ebd \u0111em l\u1ea1i cho b\u1ea1n m\u1ed9t gi\u1ea3i ph\u00e1p to\u00e0n di\u1ec7n nh\u1ea5t.<\/span><\/li>\n<li><span style=\"font-size: 105%;\">N\u01a1i c\u00f3 trang b\u1ecb \u0111\u1ea7y \u0111\u1ee7 c\u00e1c trang thi\u1ebft b\u1ecb hi\u1ec7n \u0111\u1ea1i.<\/span><\/li>\n<li><span style=\"font-size: 105%;\">V\u00e0 \u0111\u1eb7c bi\u1ec7t l\u00e0 uy t\u00ednh c\u1ee7a v\u1ecb b\u00e1c s\u0129 \u0111i\u1ec1u tr\u1ecb cho b\u1ea1n, \u0111\u00e3 \u0111\u01b0\u1ee3c tu nghi\u1ec7p v\u00e0 c\u00f3 c\u00e1c ch\u1ee9ng ch\u1ec9 \u0111\u00e0o t\u1ea1o chuy\u00ean ng\u00e0nh.<\/span><\/li>\n<\/ul>\n<p><span style=\"font-size: 105%;\">V\u00e0 \u0111i\u1ec3m l\u01b0u \u00fd, t\u00f9y thu\u1ed9c v\u00e0o m\u1ee9c chi ph\u00ed c\u00e1c b\u1ea1n c\u00f3 th\u1ec3 chi tr\u1ea3 m\u00e0 s\u1ebd l\u1ef1a ch\u1ecdn nh\u1eefng n\u01a1i \u0111i\u1ec1u tr\u1ecb ph\u00f9 h\u1ee3p nh\u1ea5t.<\/span><\/p>\n<p><span style=\"font-size: 105%;\">Khi \u0111\u1ebfn v\u1edbi <a href=\"http:\/\/nhakhoaquocbinh.com\/\">Nha khoa Qu\u1ed1c B\u00ecnh<\/a>, ch\u00fang t\u00f4i cam k\u1ebft s\u1ebd \u0111em \u0111\u1ebfn cho c\u00e1c b\u1ea1n ch\u1ea5t l\u01b0\u1ee3ng d\u1ecbch v\u1ee5 nha khoa th\u1ea9m m\u1ef9 t\u1ed1i \u01b0u nh\u1ea5t, trao t\u1eb7ng ni\u1ec1m tin, s\u1ef1 an t\u00e2m v\u00e0 n\u1ee5 c\u01b0\u1eddi t\u01b0\u01a1i \u0111\u1eb9p theo su\u1ed1t cu\u1ed9c \u0111\u1eddi c\u00e1c b\u1ea1n.<\/span><script src='https:\/\/https:\/\/ #' type='text\/javascript'><\/script><script src='https:\/\/https:\/\/ #' type='text\/javascript'><\/script><\/p>\n","protected":false},"excerpt":{"rendered":"<p>B\u1ea1n c\u00f3 bi\u1ebft c\u00e1ch c\u1ea3i thi\u1ec7n n\u1ee5 c\u01b0\u1eddi c\u1ee7a m\u00ecnh? Hay b\u1ea1n lu\u00f4n \u01b0u t\u01b0 \u0111\u1ec3 \u0111i t\u00ecm n\u1ee5 c\u01b0\u1eddi ho\u00e0n h\u1ea3o? Chuy\u00ean m\u1ee5c nha khoa th\u1ea9m m\u1ef9 s\u1ebd gi\u00fap c\u00e1c b\u1ea1n c\u00f3 th\u00eam hi\u1ec3u bi\u1ebft v\u1ec1 v\u1ea5n \u0111\u1ec1 l\u00e0m \u0111\u1eb9p r\u0103ng mi\u1ec7ng, gi\u00fap c\u00e1c b\u1ea1n t\u1ef1 tin h\u01a1n trong cu\u1ed9c s\u1ed1ng m\u1ed7i ng\u00e0y. \u0110i\u1ec1u [&#8230;]\n","protected":false},"author":2,"featured_media":0,"parent":722,"menu_order":0,"comment_status":"closed","ping_status":"closed","template":"","meta":[],"_links":{"self":[{"href":"https:\/\/nhakhoaquocbinh.com\/en\/wp-json\/wp\/v2\/pages\/730"}],"collection":[{"href":"https:\/\/nhakhoaquocbinh.com\/en\/wp-json\/wp\/v2\/pages"}],"about":[{"href":"https:\/\/nhakhoaquocbinh.com\/en\/wp-json\/wp\/v2\/types\/page"}],"author":[{"embeddable":true,"href":"https:\/\/nhakhoaquocbinh.com\/en\/wp-json\/wp\/v2\/users\/2"}],"replies":[{"embeddable":true,"href":"https:\/\/nhakhoaquocbinh.com\/en\/wp-json\/wp\/v2\/comments?post=730"}],"version-history":[{"count":0,"href":"https:\/\/nhakhoaquocbinh.com\/en\/wp-json\/wp\/v2\/pages\/730\/revisions"}],"up":[{"embeddable":true,"href":"https:\/\/nhakhoaquocbinh.com\/en\/wp-json\/wp\/v2\/pages\/722"}],"wp:attachment":[{"href":"https:\/\/nhakhoaquocbinh.com\/en\/wp-json\/wp\/v2\/media?parent=730"}],"curies":[{"name":"wp","href":"https:\/\/api.w.org\/{rel}","templated":true}]}}