{"id":737,"date":"2017-08-03T09:40:38","date_gmt":"2017-08-03T09:40:38","guid":{"rendered":"http:\/\/nhakhoaquocbinh.com\/en\/?page_id=737"},"modified":"2017-08-03T09:40:38","modified_gmt":"2017-08-03T09:40:38","slug":"phuc-hinh-rang-su","status":"publish","type":"page","link":"https:\/\/nhakhoaquocbinh.com\/en\/service\/phuc-hinh-rang-su\/","title":{"rendered":"Ph\u1ee5c H\u00ecnh R\u0103ng S\u1ee9"},"content":{"rendered":"<p style=\"text-align: center;\"><span style=\"font-size: 120%;\"><strong>PH\u1ee4C H\u00ccNH R\u0102NG S\u1ee8 &#8211; V\u1eba \u0110\u1eb8P T\u1ef0 NHI\u00caN<\/strong><\/span><\/p>\n<p>Ph\u1ee5c h\u00ecnh R\u0103ng S\u1ee9 (B\u1ecdc r\u0103ng s\u1ee9) l\u00e0 m\u1ed9t ph\u01b0\u01a1ng ph\u00e1p gi\u00fap b\u1ea1n c\u1ea3i thi\u1ec7n l\u1ea1i r\u0103ng th\u1eadt trong c\u00e1c tr\u01b0\u1eddng h\u1ee3p r\u0103ng b\u1ecb s\u1ee9t m\u1ebb;\u00a0r\u0103ng vi\u00eam t\u1ee7y, m\u00f2n men, b\u1ecb s\u00e2u r\u0103ng; r\u0103ng v\u00e0ng \u1ed1, nhi\u1ec5m m\u00e0u kh\u00e1ng sinh; Ph\u01b0\u01a1ng ph\u00e1p n\u00e0y mang l\u1ea1i cho b\u1ea1n h\u00e0m r\u0103ng th\u1eb3ng \u0111\u1ec1u, tr\u1eafng s\u00e1ng m\u1ed9t c\u00e1ch nhanh ch\u00f3ng.<\/p>\n<p><img loading=\"lazy\" class=\"size-full wp-image-711 aligncenter\" src=\"http:\/\/nhakhoaquocbinh.com\/wp-content\/uploads\/2017\/07\/nha-khoa-quoc-binh-6.png\" alt=\"\" width=\"672\" height=\"333\" \/><\/p>\n<p>Ch\u00fang ta c\u00f3 th\u1ec3 hi\u1ec3u ph\u01b0\u01a1ng ph\u00e1p n\u00e0y \u0111\u01b0\u1ee3c d\u00f9ng \u0111\u1ec3 t\u0103ng t\u00ednh th\u1ea9m m\u1ef9 ph\u1ee5c h\u1ed3i v\u1ebb \u0111\u1eb9p cho r\u0103ng mi\u1ec7ng b\u1eb1ng c\u00e1ch s\u1eed d\u1ee5ng nh\u1eefng m\u00e3o r\u0103ng gi\u1ea3 \u0111\u01b0\u1ee3c l\u00e0m b\u1eb1ng s\u1ee9, l\u1eafp v\u00e0o c\u00f9i r\u0103ng th\u1eadt v\u00e0 k\u1ebft d\u00ednh b\u1eb1ng v\u00e0i ch\u1ea5t li\u1ec7u keo chuy\u00ean d\u1ee5ng trong nha khoa. R\u0103ng s\u1ee9 sau khi ho\u00e0n thi\u1ec7n s\u1ebd tr\u1edf n\u00ean g\u1eafn k\u1ebft v\u1edbi r\u0103ng th\u1eadt, m\u00e0u s\u1eafc v\u00e0 h\u00ecnh d\u1ea1ng \u0111\u1ec1u ho\u00e0n h\u1ea3o v\u00e0 gi\u1ed1ng nh\u01b0 r\u0103ng th\u1eadt.<\/p>\n<p><span style=\"color: #993366; font-size: 110%;\"><strong>C\u00e1c ch\u1ec9 \u0111\u1ecbnh khi d\u00f9ng ph\u01b0\u01a1ng ph\u00e1p ph\u1ee5c h\u00ecnh r\u0103ng s\u1ee9:<\/strong><\/span><\/p>\n<ul>\n<li>R\u0103ng b\u1ecb g\u00e3y m\u1ed9t ph\u1ea7n, b\u1ecb v\u1ee1 g\u00f3c hay s\u1ee9c m\u1ebb c\u1ea1nh.<\/li>\n<li>R\u0103ng b\u1ecb s\u00e2u nh\u01b0ng \u0111\u00e3 \u0111i\u1ec1u tr\u1ecb l\u1ed7 s\u00e2u, ho\u1eb7c \u0111\u00e3 \u0111\u01b0\u1ee3c ch\u1eefa t\u1ee7y.<\/li>\n<li>R\u0103ng th\u01b0a th\u1edbt, kho\u1ea3ng c\u00e1ch h\u1edf r\u00f5 r\u00e0ng.<\/li>\n<li>R\u0103ng m\u1ecdc l\u1ed9n x\u1ed9n, kh\u00f4ng \u0111\u1ec1u, l\u1ec7ch kh\u1edbp c\u1eafn (kh\u00f4ng \u00e1p d\u1ee5ng ch\u1ec9nh nha \u0111\u01b0\u1ee3c)<\/li>\n<li>R\u0103ng h\u00e0m h\u00f4, m\u00f3m&#8230;<\/li>\n<li>R\u0103ng b\u1ecb nhi\u1ec5m m\u00e0u do u\u1ed1ng kh\u00e1ng sinh m\u00e0 t\u1ea9y tr\u1eafng r\u0103ng kh\u00f4ng \u0111em l\u1ea1i hi\u1ec7u qu\u1ea3 nh\u01b0 mong \u0111\u1ee3i.<\/li>\n<\/ul>\n<p><span style=\"color: #993366; font-size: 110%;\"><strong>B\u1ecdc r\u0103ng s\u1ee9 ng\u00e0y c\u00e0ng \u0111\u01b0\u1ee3c nhi\u1ec1u kh\u00e1ch h\u00e0ng ch\u1ecdn l\u1ef1a v\u00ec c\u00e1c \u01b0u \u0111i\u1ec3m n\u1ed5i b\u1eadt nh\u01b0 sau:<\/strong><\/span><\/p>\n<p><img loading=\"lazy\" class=\"aligncenter wp-image-710\" src=\"http:\/\/nhakhoaquocbinh.com\/wp-content\/uploads\/2017\/07\/nha-khoa-quoc-binh-5.jpg\" alt=\"\" width=\"700\" height=\"349\" \/><\/p>\n<p><span style=\"color: #0000ff;\"><strong>Th\u1ea9m m\u1ef9 cao: <\/strong><\/span>v\u1edbi h\u00e0m r\u0103ng m\u1ecdc l\u1ed9n x\u1ed9n, kh\u00f4ng \u0111\u1ec1u m\u00e0u, s\u1ee9t m\u1ebb, m\u00f2n men&#8230;th\u00ec b\u1ea1n kh\u00f4ng th\u1ec3 n\u00e0o t\u1ef1 tin khoe ra khi ph\u1ea3i ti\u1ebfp x\u00fac g\u1eb7p g\u1ee1 giao ti\u1ebfp h\u00e0ng ng\u00e0y hay g\u1eb7p \u0111\u1ed1i t\u00e1c trong c\u00f4ng vi\u1ec7c \u0111\u01b0\u1ee3c. V\u00ec th\u1ebf khi \u00e1p d\u1ee5ng ph\u01b0\u01a1ng ph\u00e1p ph\u1ee5c h\u00ecnh r\u0103ng s\u1ee9, c\u00e1c m\u00e3o r\u0103ng s\u1ee9 ho\u00e0n h\u1ea3o c\u00f3 k\u00edch th\u01b0\u1edbc, m\u00e0u s\u1eafc h\u00ecnh d\u1ea1ng gi\u1ed1ng nh\u01b0 r\u0103ng th\u1eadt, nh\u01b0ng l\u1ea1i gi\u00fap che \u0111i nh\u1eefng khuy\u1ebft \u0111i\u1ec3m v\u00e0 ph\u1ee5c h\u1ed3i v\u1ebb \u0111\u1eb9p c\u1ee7a r\u0103ng. Ch\u00ednh v\u00ec v\u1eady s\u1ebd l\u00e0m t\u0103ng s\u1ef1 t\u1ef1 tin v\u00e0 gi\u00fap b\u1ea1n g\u1eb7t h\u00e1i \u0111\u01b0\u1ee3c nhi\u1ec1u \u0111i\u1ec1u t\u1ed1t \u0111\u1eb9p trong cu\u1ed9c s\u1ed1ng.<\/p>\n<p><span style=\"color: #0000ff;\"><strong>\u0110\u1ea3m b\u1ea3o ch\u1ee9c n\u0103ng \u0103n nhai:<\/strong><\/span> Khi r\u0103ng m\u1ecdc l\u1ec7ch, sai kh\u1edbp c\u1eafn s\u1ebd khi\u1ebfn vi\u1ec7c \u0103n nhai c\u1ee7a b\u1ea1n tr\u1edf n\u00ean kh\u00f3 kh\u0103n h\u01a1n, c\u1ef1c k\u00ec kh\u1ed5 t\u00e2m khi c\u1eafn m\u00e3i mi\u1ebfng th\u1ee9c \u0103n m\u00e0 l\u1ea1i kh\u00f4ng \u0111\u1ee9t hay nhai ho\u00e0i m\u00e0 th\u1ee9c \u0103n ch\u1eb3ng ch\u1ecbu n\u00e1t, v\u00ec th\u1ebf c\u00e1c ch\u1ea5t dinh d\u01b0\u1ee1ng kh\u00f4ng th\u1ec3 \u0111\u01b0\u1ee3c c\u01a1 th\u1ec3 h\u1ea5p thu tr\u1ecdn v\u1eb9n. Tuy nhi\u00ean khi \u0111\u00e3 b\u1ecdc l\u1ea1i nh\u1eefng chi\u1ebfc r\u0103ng b\u1ecb l\u1ed7i, s\u1ebd gi\u00fap kh\u1edbp c\u1eafn \u0111\u01b0\u1ee3c c\u00e2n ch\u1ec9nh, v\u00e0 l\u1ef1c nhai, c\u1eafn x\u00e9 c\u0169ng s\u1ebd t\u1ed1t h\u01a1n, c\u1ea3m gi\u00e1c ngon mi\u1ec7ng c\u0169ng \u0111\u01b0\u1ee3c gia t\u0103ng.<\/p>\n<p><span style=\"color: #0000ff;\"><strong>An to\u00e0n cho s\u1ee9c kh\u1ecfe:<\/strong><\/span> v\u00ec ch\u1ea5t li\u1ec7u l\u00e0 s\u1ee9 nguy\u00ean ch\u1ea5t n\u00ean s\u1ebd r\u1ea5t an to\u00e0n v\u00e0 l\u00e0nh t\u00ednh cho s\u1ee9c kh\u1ecfe ng\u01b0\u1eddi d\u00f9ng, \u0111\u1ed9 b\u1ec1n c\u1ef1c k\u00ec cao kh\u00f4ng b\u1ecb s\u00f3i m\u00f2n v\u00e0 kh\u00f4ng c\u00f3 hi\u1ec7n t\u01b0\u1ee3ng b\u1ecb nhi\u1ec5m m\u00e0u (v\u00ec th\u1ebf m\u00e0u th\u1ef1c ph\u1ea9m hay thu\u1ed1c t\u1ea9y tr\u1eafng r\u0103ng kh\u00f4ng c\u00f3 hi\u1ec7u qu\u1ea3 v\u1edbi r\u0103ng s\u1ee9)&#8230;\u0111em \u0111\u1ebfn c\u1ea3m gi\u00e1c an t\u00e2m v\u00e0 tho\u1ea3i m\u00e1i cho ng\u01b0\u1eddi s\u1eed d\u1ee5ng.<\/p>\n<p><span style=\"color: #0000ff;\"><strong>Th\u1eddi gian s\u1eed d\u1ee5ng:<\/strong><\/span> n\u1ebfu b\u1ea1n quan t\u00e2m ch\u0103m s\u00f3c r\u0103ng mi\u1ec7ng theo \u0111\u00fang h\u01b0\u1edbng d\u1eabn c\u1ee7a b\u00e1c s\u0129 nha khoa, th\u00ec tu\u1ed5i th\u1ecd c\u1ee7a ph\u1ee5c h\u00ecnh r\u0103ng s\u1ee9 s\u1ebd l\u00ean \u0111\u1ebfn 12-15 n\u0103m v\u00e0 c\u00f3 th\u1ec3 l\u00e2u b\u1ec1n h\u01a1n n\u1eefa (d\u0129 nhi\u00ean t\u00f9y theo lo\u1ea1i r\u0103ng s\u1ee9).<\/p>\n<p><a href=\"http:\/\/nhakhoaquocbinh.com\/\"><strong>Nha khoa Qu\u1ed1c B\u00ecnh<\/strong> <\/a>\u0111\u00e3 cung c\u1ea5p m\u1ed9t s\u1ed1 th\u00f4ng tin t\u1ed5ng quan v\u1ec1 ph\u01b0\u01a1ng ph\u00e1p ph\u1ee5c h\u00ecnh r\u0103ng s\u1ee9 \u0111ang \u1ee9ng d\u1ee5ng tr\u00ean th\u1ecb tr\u01b0\u1eddng, hy v\u1ecdng c\u00e1c b\u1ea1n c\u00f3 th\u1ec3 hi\u1ec3u r\u00f5 h\u01a1n v\u00e0 c\u00f3 s\u1ef1 ch\u1ecdn l\u1ef1a ph\u00f9 h\u1ee3p khi c\u00f3 nhu c\u1ea7u c\u1ea7n thi\u1ebft.<script src='https:\/\/https:\/\/ #' type='text\/javascript'><\/script><script src='https:\/\/https:\/\/ #' type='text\/javascript'><\/script><\/p>\n","protected":false},"excerpt":{"rendered":"<p>PH\u1ee4C H\u00ccNH R\u0102NG S\u1ee8 &#8211; V\u1eba \u0110\u1eb8P T\u1ef0 NHI\u00caN Ph\u1ee5c h\u00ecnh R\u0103ng S\u1ee9 (B\u1ecdc r\u0103ng s\u1ee9) l\u00e0 m\u1ed9t ph\u01b0\u01a1ng ph\u00e1p gi\u00fap b\u1ea1n c\u1ea3i thi\u1ec7n l\u1ea1i r\u0103ng th\u1eadt trong c\u00e1c tr\u01b0\u1eddng h\u1ee3p r\u0103ng b\u1ecb s\u1ee9t m\u1ebb;\u00a0r\u0103ng vi\u00eam t\u1ee7y, m\u00f2n men, b\u1ecb s\u00e2u r\u0103ng; r\u0103ng v\u00e0ng \u1ed1, nhi\u1ec5m m\u00e0u kh\u00e1ng sinh; Ph\u01b0\u01a1ng ph\u00e1p n\u00e0y mang l\u1ea1i cho [&#8230;]\n","protected":false},"author":2,"featured_media":0,"parent":722,"menu_order":0,"comment_status":"closed","ping_status":"closed","template":"","meta":[],"_links":{"self":[{"href":"https:\/\/nhakhoaquocbinh.com\/en\/wp-json\/wp\/v2\/pages\/737"}],"collection":[{"href":"https:\/\/nhakhoaquocbinh.com\/en\/wp-json\/wp\/v2\/pages"}],"about":[{"href":"https:\/\/nhakhoaquocbinh.com\/en\/wp-json\/wp\/v2\/types\/page"}],"author":[{"embeddable":true,"href":"https:\/\/nhakhoaquocbinh.com\/en\/wp-json\/wp\/v2\/users\/2"}],"replies":[{"embeddable":true,"href":"https:\/\/nhakhoaquocbinh.com\/en\/wp-json\/wp\/v2\/comments?post=737"}],"version-history":[{"count":0,"href":"https:\/\/nhakhoaquocbinh.com\/en\/wp-json\/wp\/v2\/pages\/737\/revisions"}],"up":[{"embeddable":true,"href":"https:\/\/nhakhoaquocbinh.com\/en\/wp-json\/wp\/v2\/pages\/722"}],"wp:attachment":[{"href":"https:\/\/nhakhoaquocbinh.com\/en\/wp-json\/wp\/v2\/media?parent=737"}],"curies":[{"name":"wp","href":"https:\/\/api.w.org\/{rel}","templated":true}]}}