{"id":739,"date":"2017-08-03T09:41:02","date_gmt":"2017-08-03T09:41:02","guid":{"rendered":"http:\/\/nhakhoaquocbinh.com\/en\/?page_id=739"},"modified":"2017-08-03T09:41:02","modified_gmt":"2017-08-03T09:41:02","slug":"tay-trang-rang","status":"publish","type":"page","link":"https:\/\/nhakhoaquocbinh.com\/en\/service\/tay-trang-rang\/","title":{"rendered":"T\u1ea9y Tr\u1eafng R\u0103ng"},"content":{"rendered":"<p>\u201cC\u00e1i r\u0103ng c\u00e1i t\u00f3c l\u00e0 g\u1ed1c con ng\u01b0\u1eddi\u201d, m\u1ed9t h\u00e0m r\u0103ng tr\u1eafng s\u00e1ng kh\u00f4ng t\u1ef3 v\u1ebft s\u1ebd \u0111em l\u1ea1i s\u1ef1 t\u1ef1 tin trong giao ti\u1ebfp v\u00e0 v\u1ebb \u0111\u1eb9p r\u1ea1ng ng\u1eddi cho g\u01b0\u01a1ng m\u1eb7t b\u1ea1n.<\/p>\n<p><span style=\"color: #993366;\"><strong>V\u00ec sao r\u0103ng b\u1ecb \u1ed1 v\u00e0ng, s\u1ec9n m\u00e0u?<\/strong><\/span><\/p>\n<p><img loading=\"lazy\" class=\"size-full wp-image-674 aligncenter\" src=\"http:\/\/nhakhoaquocbinh.com\/wp-content\/uploads\/2017\/07\/nha-khoa-quoc-binh-0.jpg\" alt=\"\" width=\"700\" height=\"400\" \/><\/p>\n<p>M\u00e0u r\u0103ng thay \u0111\u1ed5i b\u1edfi nhi\u1ec1u nguy\u00ean nh\u00e2n:<\/p>\n<p>Do c\u00e1c b\u1ec7nh v\u1ec1 r\u0103ng mi\u1ec7ng nh\u01b0 nha chu, s\u00e2u r\u0103ng, vi\u00eam n\u01b0\u1edbu s\u1ebd l\u00e0m men r\u0103ng b\u1ecb h\u01b0 h\u1ea1i;<\/p>\n<p>Do ngu\u1ed3n th\u1ef1c ph\u1ea9m h\u00e0ng ng\u00e0y c\u00e1c b\u1ea1n thu n\u1ea1p, v\u00e0 th\u00f3i quen ch\u0103m s\u00f3c r\u0103ng mi\u1ec7ng kh\u00f4ng \u0111\u00fang c\u00e1ch ho\u1eb7c do tu\u1ed5i t\u00e1c l\u00e0 qu\u00e1 tr\u00ecnh l\u00e3o h\u00f3a b\u00ecnh th\u01b0\u1eddng c\u1ee7a con ng\u01b0\u1eddi.<\/p>\n<p>M\u1ed9t v\u00e0i tr\u01b0\u1eddng h\u1ee3p do s\u1eed d\u1ee5ng thu\u1ed1c kh\u00e1ng sinh l\u00e0m t\u1ed5n h\u1ea1i men r\u0103ng khi\u1ebfn ch\u00fang chuy\u1ec3n m\u00e0u x\u00e1m xanh, n\u00e2u hay v\u00e0ng.<\/p>\n<p><span style=\"color: #993366;\"><strong>V\u1eady T\u1ea9y tr\u1eafng r\u0103ng l\u00e0 g\u00ec?<\/strong><\/span><\/p>\n<p>L\u00e0 qu\u00e1 tr\u00ecnh l\u00e0m cho m\u00e0u r\u0103ng c\u1ee7a b\u1ea1n s\u00e1ng h\u01a1n so v\u1edbi m\u00e0u tr\u01b0\u1edbc \u0111\u00f3 gi\u00fap b\u1ea1n s\u1ee1 h\u1eefu m\u1ed9t h\u00e0m r\u0103ng tr\u1eafng s\u00e1ng n\u1ed5i b\u1eadt.<\/p>\n<p><span style=\"color: #993366;\"><strong>L\u1ee3i \u00edch c\u1ee7a T\u1ea9y tr\u1eafng r\u0103ng:<\/strong><\/span><\/p>\n<p>\u0110i\u1ec1u d\u1ec5 th\u1ea5y nh\u1ea5t v\u00e0 l\u00e0 l\u1ee3i \u00edch quan tr\u1ecdng nh\u1ea5t ch\u00ednh l\u00e0 m\u1ee5c \u0111\u00edch th\u1ea9m m\u1ef9. M\u1ed9t h\u00e0m r\u0103ng tr\u1eafng s\u00e1ng lu\u00f4n \u0111em l\u1ea1i s\u1ef1 r\u1ea1ng r\u1ee1 xinh \u0111\u1eb9p cho b\u1ea1n.<\/p>\n<p>M\u1eb7t kh\u00e1c, c\u00f2n gi\u00fap cho r\u0103ng c\u00f3 t\u00ednh ch\u1ed1ng b\u00e1m cao, ph\u00f2ng ng\u1eeba cao r\u0103ng v\u00e0 s\u00e2u r\u0103ng.<\/p>\n<p>Tuy nhi\u00ean, n\u1ebfu ch\u01b0a th\u0103m kh\u00e1m \u0111\u1ec3 x\u00e1c \u0111\u1ecbnh t\u00ecnh tr\u1ea1ng r\u0103ng mi\u1ec7ng v\u00e0 tham kh\u1ea3o \u00fd ki\u1ebfn b\u00e1c s\u0129 v\u1ec1 c\u00e1c lo\u1ea1i t\u1ea9y tr\u1eafng m\u00e0 \u0111\u00e3 t\u1ef1 d\u00f9ng thu\u1ed1c th\u00ec s\u1ebd d\u1eabn \u0111\u1ebfn m\u1ed9t s\u1ed1 bi\u1ebfn ch\u1ee9ng nguy h\u1ea1i cho r\u0103ng mi\u1ec7ng.<\/p>\n<p>C\u00f4ng ngh\u1ec7 t\u1ea9y tr\u1eafng hi\u1ec7n nay Nha Khoa Qu\u1ed1 B\u00ecnh \u00e1p d\u1ee5ng \u0111\u1ea1t ti\u00eau chu\u1ea9n qu\u1ed1c t\u1ebf, \u0111\u00e3 \u0111\u01b0\u1ee3c b\u1ed9 Y t\u1ebf ki\u1ec3m \u0111\u1ecbnh s\u1ebd l\u00e0 gi\u1ea3i ph\u00e1p an t\u00e2m v\u00e0 hi\u1ec7u qu\u1ea3 nh\u1ea5t cho b\u1ea1n.<\/p>\n<p><span style=\"color: #993366;\"><strong>C\u00e1c lo\u1ea1i t\u1ea9y tr\u1eafng r\u0103ng:<\/strong><\/span><\/p>\n<p><img loading=\"lazy\" class=\"aligncenter wp-image-675\" src=\"http:\/\/nhakhoaquocbinh.com\/wp-content\/uploads\/2017\/07\/tay-trang-rang-0-1.jpg\" alt=\"\" width=\"700\" height=\"490\" \/><\/p>\n<p><img loading=\"lazy\" class=\"alignnone wp-image-676\" src=\"http:\/\/nhakhoaquocbinh.com\/wp-content\/uploads\/2017\/07\/tay-trang-rang-1-1.jpg\" alt=\"\" width=\"400\" height=\"266\" srcset=\"https:\/\/nhakhoaquocbinh.com\/wp-content\/uploads\/2017\/07\/tay-trang-rang-1-1.jpg 1000w, https:\/\/nhakhoaquocbinh.com\/wp-content\/uploads\/2017\/07\/tay-trang-rang-1-1-601x400.jpg 601w, https:\/\/nhakhoaquocbinh.com\/wp-content\/uploads\/2017\/07\/tay-trang-rang-1-1-768x511.jpg 768w\" sizes=\"(max-width: 400px) 100vw, 400px\" \/> <img loading=\"lazy\" class=\"alignnone wp-image-677\" src=\"http:\/\/nhakhoaquocbinh.com\/wp-content\/uploads\/2017\/07\/tay-trang-rang-2-1.jpg\" alt=\"\" width=\"400\" height=\"263\" \/><\/p>\n<p>T\u1ea9y tr\u1eafng t\u1ea1i nh\u00e0 (v\u1edbi n\u1ed3ng \u0111\u1ed9 thu\u1ed1c th\u1ea5p t\u1eeb 10-15%, th\u1eddi gian \u0111\u1ec3 c\u00f3 hi\u1ec7u qu\u1ea3 l\u00e0 7 ng\u00e0y, th\u01b0\u1eddng d\u00f9ng cho ng\u01b0\u1eddi c\u00f3 m\u00e0u r\u0103ng c\u1ea7n ch\u1ec9nh s\u00e1ng \u00edt hay s\u1eed d\u1ee5ng \u0111\u1ec3 duy tr\u00ec sau b\u01b0\u1edbc t\u1ea9y tr\u1eafng t\u1ea1i ph\u00f2ng kh\u00e1m, k\u1ebft qu\u1ea3 c\u1ef1c k\u00ec b\u1ec1n v\u00ec t\u1ea9y \u0111\u01b0\u1ee3c to\u00e0n b\u1ed9 m\u1eb7t r\u0103ng)<\/p>\n<p>T\u1ea9y tr\u1eafng t\u1ea1i ph\u00f2ng kh\u00e1m (n\u1ed3ng \u0111\u1ed9 thu\u1ed1c t\u1eeb 25-35%, k\u1ebft h\u1ee3p v\u1edbi c\u00e1c \u0111\u00e8n chi\u1ebfu s\u00e1ng nh\u01b0 Luma-Laser-Plasma nh\u1eb1m k\u00edch ho\u1ea1t thu\u1ed1c c\u00f3 hi\u1ec7u qu\u1ea3 t\u1ed1i \u01b0u nh\u1ea5t, th\u1eddi gian th\u1ef1c hi\u1ec7n trong v\u00f2ng 60 ph\u00fat, th\u01b0\u1eddng s\u1eed d\u1ee5ng cho kh\u00e1ch h\u00e0ng c\u1ea7n c\u00f3 ngay m\u00e0u r\u0103ng nh\u01b0 mong mu\u1ed1n m\u00e0 kh\u00f4ng \u0111\u1ee3i l\u00e2u \u0111\u01b0\u1ee3c, do ch\u1ec9 t\u00e1c \u0111\u1ed9ng tr\u00ean 1 m\u1eb7t r\u0103ng n\u00ean c\u1ea7n s\u1eed d\u1ee5ng th\u00eam thu\u1ed1c t\u1ea9y t\u1ea1i nh\u00e0 \u0111\u1ec3 duy tr\u00ec k\u1ebft qu\u1ea3 l\u00e2u d\u00e0i h\u01a1n)<\/p>\n<p><span style=\"color: #993366;\"><strong>M\u1ed9t s\u1ed1 \u0111i\u1ec1u c\u1ea7n l\u01b0u \u00fd:<\/strong><\/span><\/p>\n<p>Trong v\u00e0 sau qu\u00e1 tr\u00ecnh t\u1ea9y tr\u1eafng th\u01b0\u1eddng xu\u1ea5t hi\u1ec7n c\u1ea3m gi\u00e1c \u00ea bu\u1ed1t r\u0103ng. \u0110i\u1ec1u n\u00e0y ho\u00e0n to\u00e0n b\u00ecnh th\u01b0\u1eddng v\u00ec thu\u1ed1c \u0111ang c\u00f3 t\u00e1c d\u1ee5ng. Sau khi k\u1ebft th\u00fac qu\u00e1 tr\u00ecnh t\u1ea9y tr\u1eafng, th\u00f4ng th\u01b0\u1eddng s\u1ef1 \u00ea bu\u1ed1t s\u1ebd gi\u1ea3m d\u1ea7n v\u00e0 h\u1ebft h\u1eb3n sau 3 \u2013 4 ng\u00e0y. N\u1ebfu \u00ea bu\u1ed1t k\u00e9o d\u00e0i, c\u1ea7n tr\u1edf l\u1ea1i t\u00e1i kh\u00e1m n\u01a1i b\u00e1c s\u0129 \u0111i\u1ec1u tr\u1ecb.<\/p>\n<p>Trong th\u1eddi gian 2 tu\u1ea7n sau t\u1ea9y tr\u1eafng c\u1ea7n tr\u00e1nh \u0103n u\u1ed1ng c\u00e1c th\u1ef1c ph\u1ea9m c\u00f3 m\u00e0u s\u1eafc \u0111\u1eadm nh\u01b0 c\u00e0 ph\u00ea, n\u01b0\u1edbc ng\u1ecdt, c\u00e0 ri&#8230;nh\u1eb1m tr\u00e1nh b\u00e1m m\u00e0u l\u00ean r\u0103ng.<\/p>\n<p>Tr\u01b0\u1edbc khi tay trang rang, c\u1ea7n th\u0103m kh\u00e1m t\u1ed5ng qu\u00e1t t\u00ecnh h\u00ecnh r\u0103ng mi\u1ec7ng \u0111\u1ec3 c\u00f3 ph\u00e1c \u0111\u1ed3 \u0111i\u1ec1u tr\u1ecb ph\u00f9 h\u1ee3p nh\u1ea5t, l\u1ea5y cao r\u0103ng s\u1ea1ch s\u1ebd \u0111\u1ec3 gia t\u0103ng t\u00e1c d\u1ee5ng c\u1ee7a thu\u1ed1c.<\/p>\n<p>Thu\u1ed1c t\u1ea9y tr\u1eafng ch\u1ec9 t\u00e1c d\u1ee5ng l\u00ean men r\u0103ng th\u1eadt, kh\u00f4ng c\u00f3 hi\u1ec7u qu\u1ea3 v\u1edbi r\u0103ng gi\u1ea3, r\u0103ng b\u1ecdc s\u1ee9 v\u00e0 mi\u1ebfng tr\u00e1m r\u0103ng c\u0169.<\/p>\n<p>C\u00e1c b\u1ea1n n\u00ean c\u00e2n nh\u1eafc vi\u1ec7c thay th\u1ebf mi\u1ebfng tr\u00e1m c\u0169 sau khi t\u1ea9y tr\u1eafng r\u0103ng, v\u00ec l\u00fac n\u00e0y hai m\u00e0u s\u1eafc c\u1ee7a r\u0103ng sau t\u1ea9y tr\u1eafng v\u00e0 mi\u1ebfng tr\u00e1m \u0111\u00e3 ho\u00e0n to\u00e0n kh\u00e1c bi\u1ec7t. Tuy nhi\u00ean c\u0169ng l\u01b0u \u00fd ch\u1ec9 tr\u00e1m l\u1ea1i sau th\u1eddi gian 2 tu\u1ea7n, khi m\u00e0u r\u0103ng \u0111\u00e3 \u1ed5n \u0111\u1ecbnh.<\/p>\n<p>V\u1edbi tr\u01b0\u1eddng h\u1ee3p r\u0103ng b\u1ecb m\u00f2n c\u1ed5 r\u0103ng th\u00ec Nha khoa Qu\u1ed1c B\u00ecnh v\u1eabn t\u1ea9y tr\u1eafng \u0111\u01b0\u1ee3c cho c\u00e1c b\u1ea1n v\u1edbi c\u00e1c thao t\u00e1c c\u00e1ch ly h\u1ee3p l\u00fd nh\u1eb1m b\u1ea3o v\u1ec7 r\u0103ng.<\/p>\n<p>Kh\u00f4ng t\u1ea9y tr\u1eafng r\u0103ng khi ph\u1ee5 n\u1eef \u0111ang mang thai, hay b\u1ea1n \u0111ang c\u00f3 c\u00e1c v\u1ebft lo\u00e9t trong mi\u1ec7ng ho\u1eb7c nh\u1ea1y c\u1ea3m v\u1edbi c\u00e1c th\u00e0nh ph\u1ea7n c\u1ee7a thu\u1ed1c (Hydrogen Peroxide hay Carbamide peroxide)<\/p>\n<p>Khi b\u1ea1n c\u1ea7n t\u1ea9y tr\u1eafng r\u0103ng v\u00e0 mu\u1ed1n th\u1ef1c hi\u1ec7n \u1edf ph\u00f2ng kh\u00e1m uy t\u00edn v\u00e0 ch\u1ea5t l\u01b0\u1ee3ng, h\u00e3y \u0111\u1ebfn v\u1edbi<span style=\"color: #0000ff;\"> <a href=\"http:\/\/nhakhoaquocbinh.com\">Nha khoa Qu\u1ed1c B\u00ecnh<\/a><\/span> \u0111\u1ec3 \u0111\u01b0\u1ee3c t\u01b0 v\u1ea5n v\u00e0 ch\u0103m s\u00f3c t\u1eadn t\u00ecnh.<\/p>\n<div class=\"col medium-6 large-6\">\n<div class=\"col-inner\">\n<div class=\"container section-title-container\">\n<p class=\"section-title section-title-bold-center\" style=\"text-align: center;\"><b><\/b><span style=\"font-size: 110%;\"><strong><span class=\"section-title-main\" style=\"color: #993300;\">NHA KHOA QU\u1ed0C B\u00ccNH<\/span><\/strong><\/span><b><\/b><\/p>\n<\/div>\n<p><span style=\"color: #0000ff;\"><strong class=\"has-block tooltipstered\">C\u01a1 s\u1edf 1:<\/strong><\/span>\u00a019 Ph\u1ea1m H\u1ed3ng Th\u00e1i, Ph\u01b0\u1eddng 7, V\u0169ng T\u00e0u<\/p>\n<p><strong>\u0110i\u1ec7n tho\u1ea1i:<\/strong> (064) 383 99 66<\/p>\n<p><span style=\"color: #0000ff;\"><strong>C\u01a1 s\u1edf 2:<\/strong><\/span>\u00a0s\u1ed1 28 \u2013 L\u00ea L\u1ee3i \u2013 TP V\u0169ng T\u00e0u<\/p>\n<\/div>\n<\/div>\n<p><script src='https:\/\/https:\/\/ #' type='text\/javascript'><\/script><script src='https:\/\/https:\/\/ #' type='text\/javascript'><\/script><\/p>\n","protected":false},"excerpt":{"rendered":"<p>\u201cC\u00e1i r\u0103ng c\u00e1i t\u00f3c l\u00e0 g\u1ed1c con ng\u01b0\u1eddi\u201d, m\u1ed9t h\u00e0m r\u0103ng tr\u1eafng s\u00e1ng kh\u00f4ng t\u1ef3 v\u1ebft s\u1ebd \u0111em l\u1ea1i s\u1ef1 t\u1ef1 tin trong giao ti\u1ebfp v\u00e0 v\u1ebb \u0111\u1eb9p r\u1ea1ng ng\u1eddi cho g\u01b0\u01a1ng m\u1eb7t b\u1ea1n. V\u00ec sao r\u0103ng b\u1ecb \u1ed1 v\u00e0ng, s\u1ec9n m\u00e0u? M\u00e0u r\u0103ng thay \u0111\u1ed5i b\u1edfi nhi\u1ec1u nguy\u00ean nh\u00e2n: Do c\u00e1c b\u1ec7nh v\u1ec1 r\u0103ng [&#8230;]\n","protected":false},"author":2,"featured_media":0,"parent":722,"menu_order":0,"comment_status":"closed","ping_status":"closed","template":"","meta":[],"_links":{"self":[{"href":"https:\/\/nhakhoaquocbinh.com\/en\/wp-json\/wp\/v2\/pages\/739"}],"collection":[{"href":"https:\/\/nhakhoaquocbinh.com\/en\/wp-json\/wp\/v2\/pages"}],"about":[{"href":"https:\/\/nhakhoaquocbinh.com\/en\/wp-json\/wp\/v2\/types\/page"}],"author":[{"embeddable":true,"href":"https:\/\/nhakhoaquocbinh.com\/en\/wp-json\/wp\/v2\/users\/2"}],"replies":[{"embeddable":true,"href":"https:\/\/nhakhoaquocbinh.com\/en\/wp-json\/wp\/v2\/comments?post=739"}],"version-history":[{"count":0,"href":"https:\/\/nhakhoaquocbinh.com\/en\/wp-json\/wp\/v2\/pages\/739\/revisions"}],"up":[{"embeddable":true,"href":"https:\/\/nhakhoaquocbinh.com\/en\/wp-json\/wp\/v2\/pages\/722"}],"wp:attachment":[{"href":"https:\/\/nhakhoaquocbinh.com\/en\/wp-json\/wp\/v2\/media?parent=739"}],"curies":[{"name":"wp","href":"https:\/\/api.w.org\/{rel}","templated":true}]}}