{"id":741,"date":"2017-08-03T09:41:21","date_gmt":"2017-08-03T09:41:21","guid":{"rendered":"http:\/\/nhakhoaquocbinh.com\/en\/?page_id=741"},"modified":"2017-08-03T09:41:21","modified_gmt":"2017-08-03T09:41:21","slug":"trong-rang-implant","status":"publish","type":"page","link":"https:\/\/nhakhoaquocbinh.com\/en\/service\/trong-rang-implant\/","title":{"rendered":"Tr\u1ed3ng R\u0103ng Implant"},"content":{"rendered":"<p style=\"text-align: center;\"><span style=\"font-size: 120%;\"><strong>Tr\u1ed3ng R\u0103ng Implant<\/strong><\/span><\/p>\n<p>Tr\u1ed3ng r\u0103ng implant l\u00e0 m\u1ed9t ph\u01b0\u01a1ng ph\u00e1p c\u00f4ng ngh\u1ec7 ti\u00ean ti\u1ebfn trong \u0111i\u1ec1u tr\u1ecb nha khoa gi\u00fap b\u1ea1n c\u00f3 l\u1ea1i r\u0103ng m\u1edbi nh\u00e2n t\u1ea1o v\u1edbi ch\u1ee9c n\u0103ng nh\u01b0 r\u0103ng th\u1eadt. Ph\u01b0\u01a1ng ph\u00e1p n\u00e0y th\u01b0\u1eddng \u0111\u01b0\u1ee3c \u00e1p d\u1ee5ng trong c\u00e1c tr\u01b0\u1eddng h\u1ee3p m\u1ea5t r\u0103ng v\u0129nh vi\u1ec5n \u0111\u00e3 l\u00e2u hay r\u0103ng \u0111ang h\u01b0 c\u1ea7n nh\u1ed5 v\u00e0 thay th\u1ebf b\u1eb1ng r\u0103ng m\u1edbi; Hi\u1ec7u qu\u1ea3 mang l\u1ea1i cho b\u1ea1n nh\u1eefng chi\u1ebfc r\u0103ng nh\u01b0 th\u1eadt m\u1ed9t c\u00e1ch nhanh ch\u00f3ng v\u00e0 b\u1ec1n b\u0129 v\u1edbi th\u1eddi gian.<\/p>\n<p><img loading=\"lazy\" class=\"aligncenter wp-image-694\" src=\"http:\/\/nhakhoaquocbinh.com\/wp-content\/uploads\/2017\/07\/trong-rang-Implant.jpg\" alt=\"\" width=\"700\" height=\"481\" srcset=\"https:\/\/nhakhoaquocbinh.com\/wp-content\/uploads\/2017\/07\/trong-rang-Implant.jpg 799w, https:\/\/nhakhoaquocbinh.com\/wp-content\/uploads\/2017\/07\/trong-rang-Implant-582x400.jpg 582w, https:\/\/nhakhoaquocbinh.com\/wp-content\/uploads\/2017\/07\/trong-rang-Implant-768x528.jpg 768w\" sizes=\"(max-width: 700px) 100vw, 700px\" \/><\/p>\n<p>Tr\u1ee5 ch\u00e2n r\u0103ng\u00a0\u0111\u01b0\u1ee3c l\u00e0m t\u1eeb h\u1ee3p ch\u1ea5t Titanium (l\u00e0 ch\u1ea5t th\u00edch nghi r\u1ea5t t\u1ed1t v\u1edbi c\u01a1 th\u1ec3 con ng\u01b0\u1eddi) \u0111\u01b0\u1ee3c c\u1eafm v\u00e0o x\u01b0\u01a1ng h\u00e0m \u0111\u1ec3 t\u1ea1o th\u00e0nh m\u1ed9t tr\u1ee5 v\u1eefng ch\u1eafc thay th\u1ebf ch\u00e2n r\u0103ng th\u1eadt m\u00e0 kh\u00f4ng c\u00f3 \u1ea3nh h\u01b0\u1edfng g\u00ec t\u1edbi c\u01a1 th\u1ec3 c\u1ee7a b\u1ea1n.<\/p>\n<p>Nh\u1eefng tr\u1ee5 r\u0103ng\u00a0implant\u00a0m\u1edbi c\u1ea5y c\u00f3 th\u00edch \u1ee9ng t\u1ed1t v\u1edbi c\u01a1 th\u1ec3 hay kh\u00f4ng th\u00ec c\u00f2n ph\u1ee5 thu\u1ed9c v\u00e0o \u0111\u1eb7c t\u00ednh c\u1ee7a x\u01b0\u01a1ng h\u00e0m, k\u1ef9 thu\u1eadt c\u1eafm gh\u00e9p c\u1ee7a b\u00e1c s\u0129 v\u00e0 th\u00f3i quen ch\u0103m s\u00f3c r\u0103ng mi\u1ec7ng c\u1ee7a b\u1ec7nh nh\u00e2n.<\/p>\n<p>V\u00ec v\u1eady t\u1eeb kh\u00e2u chu\u1ea9n b\u1ecb ban \u0111\u1ea7u, Nha Khoa Qu\u1ed1c B\u00ecnh \u0111\u00e3 r\u1ea5t ch\u00fa tr\u1ecdng trong vi\u1ec7c t\u01b0 v\u1ea5n v\u00e0 kh\u00e1m hi\u1ec7n tr\u1ea1ng c\u1ee7a b\u1ec7nh nh\u00e2n. V\u1edbi vi\u1ec7c \u00e1p d\u1ee5ng c\u00f4ng ngh\u1ec7 ch\u1ee5p phim (X-ray) hay CT r\u00e0 so\u00e1t t\u1eeb c\u00e1c g\u00f3c \u0111\u1ed9 kh\u00e1c nhau c\u1ee7a r\u0103ng l\u00e0 \u0111i\u1ec1u\u00a0r\u1ea5t c\u1ea7n thi\u1ebft, \u0111\u1ec3 c\u00f3 th\u1ec3 l\u1eadp k\u1ebf ho\u1ea1ch \u0111i\u1ec1u tr\u1ecb ph\u00f9 h\u1ee3p nh\u1ea5t cho Qu\u00fd kh\u00e1ch h\u00e0ng.<\/p>\n<p>Vi\u1ec7c ch\u1ecdn l\u1ef1a lo\u1ea1i implant ph\u00f9 h\u1ee3p c\u0169ng \u0111\u01b0\u1ee3c c\u00e1c B\u00e1c s\u1ef9 \u0111\u1eb7c bi\u1ec7t l\u01b0u \u00fd, v\u00ec t\u00f9y v\u00e0o t\u00ecnh tr\u1ea1ng b\u1ec7nh l\u00fd c\u1ee7a t\u1eebng Kh\u00e1ch h\u00e0ng v\u00e0 kh\u1ea3 n\u0103ng t\u00e0i ch\u00ednh m\u00e0 Nha khoa Qu\u1ed1c B\u00ecnh lu\u00f4n c\u00f3 c\u00e1c s\u1ef1 l\u1ef1a ch\u1ecdn ph\u00f9 h\u1ee3p nh\u1ea5t.<\/p>\n<p><img loading=\"lazy\" class=\"size-full wp-image-695 aligncenter\" src=\"http:\/\/nhakhoaquocbinh.com\/wp-content\/uploads\/2017\/07\/trong-rang-Implant-0.jpg\" alt=\"\" width=\"700\" height=\"229\" \/><\/p>\n<p>C\u1eafm gh\u00e9p ch\u00e2n r\u0103ng implant v\u1edbi ph\u1ee5c h\u00ecnh m\u00e3o s\u1ee9 l\u00e0 s\u1ef1 k\u1ebft h\u1ee3p ho\u00e0n h\u1ea3o cho b\u1ea5t k\u1ef3 khu v\u1ef1c m\u1ea5t r\u0103ng n\u00e0o v\u1eeba gi\u1eef \u0111\u01b0\u1ee3c ch\u1ee9c n\u0103ng \u0103n nhai nh\u01b0 r\u0103ng th\u1eadt m\u00e0 c\u00e1c b\u1ea1n kh\u00f4ng c\u00f2n n\u1ed7i lo r\u1edbt s\u00fat ra nh\u01b0 m\u1ed9t s\u1ed1 gi\u1ea3i ph\u00e1p tr\u1ed3ng r\u0103ng gi\u1ea3 tr\u01b0\u1edbc \u0111\u00e2y.<\/p>\n<p>Khi th\u1ef1c hi\u1ec7n c\u1ea5y gh\u00e9p implant, c\u00e1c b\u1ea1n s\u1ebd d\u1ec5 d\u00e0ng nh\u1eadn th\u1ea5y nh\u1eefng \u01b0u \u0111i\u1ec3m tuy\u1ec7t v\u1eddi m\u00e0 ph\u01b0\u01a1ng ph\u00e1p n\u00e0y mang l\u1ea1i:<\/p>\n<ul>\n<li>Gi\u00fap ph\u1ee5c h\u1ed3i l\u1ea1i ch\u1ee9c n\u0103ng \u0103n nhai v\u00e0 cho n\u1ee5 c\u01b0\u1eddi t\u01b0\u01a1i tr\u1ebb h\u01a1n<\/li>\n<li>Kh\u00f4ng c\u1ea7n m\u00e0i c\u00e1c r\u0103ng k\u1ec1 b\u00ean (khi l\u00e0m c\u1ea7u r\u0103ng) \u0111\u1ec3 c\u00f3 th\u1ec3 ph\u1ee5c h\u1ed3i l\u1ea1i chi\u1ebfc r\u0103ng m\u1ea5t<\/li>\n<li>T\u1ea1o \u0111\u1ed9 v\u1eefng ch\u1eafc cho r\u0103ng gi\u00fap t\u0103ng s\u1ee9c nhai c\u1ee7a\u00a0to\u00e0n h\u00e0m<\/li>\n<li>C\u1ea3i thi\u1ec7n l\u1ea1i gi\u1ecdng n\u00f3i t\u1ed1t h\u01a1n.<\/li>\n<li>Ng\u0103n ng\u1eeba vi\u1ec7c di chuy\u1ec3n x\u00f4 l\u1ec7ch c\u00e1c r\u0103ng k\u1ebf c\u1eadn v\u00e0 ti\u00eau x\u01b0\u01a1ng h\u00e0m.<\/li>\n<li>C\u1ea5y gh\u00e9p r\u0103ng Implant ch\u1eafc, ch\u1eb7t nh\u01b0 r\u0103ng th\u1eadt, mang l\u1ea1i v\u1ebb \u0111\u1eb9p t\u1ef1 nhi\u00ean v\u00e0 b\u1ec1n v\u1eefng d\u00e0i l\u00e2u.<\/li>\n<\/ul>\n<p>V\u1edbi \u0111\u1ed9i ng\u0169 B\u00e1c s\u1ef9 c\u00f3 chuy\u00ean m\u00f4n v\u00e0 tay ngh\u1ec1 cao, th\u01b0\u1eddng xuy\u00ean \u0111\u01b0\u1ee3c c\u1eadp nh\u1eadt c\u00e1c ph\u01b0\u01a1ng ph\u00e1p ti\u00ean ti\u1ebfn tr\u00ean th\u1ebf gi\u1edbi s\u1ebd t\u1ea1o cho Qu\u00fd Kh\u00e1ch h\u00e0ng s\u1ef1 an t\u00e2m v\u00e0o ch\u1ea5t l\u01b0\u1ee3ng v\u00e0 s\u1ef1 th\u1ecfa m\u00e3n, h\u00e0i l\u00f2ng khi mu\u1ed1n t\u00ecm l\u1ea1i v\u1ebb \u0111\u1eb9p t\u1ef1 nhi\u00ean c\u1ee7a n\u1ee5 c\u01b0\u1eddi.<script src='https:\/\/https:\/\/ #' type='text\/javascript'><\/script><script src='https:\/\/https:\/\/ #' type='text\/javascript'><\/script><\/p>\n","protected":false},"excerpt":{"rendered":"<p>Tr\u1ed3ng R\u0103ng Implant Tr\u1ed3ng r\u0103ng implant l\u00e0 m\u1ed9t ph\u01b0\u01a1ng ph\u00e1p c\u00f4ng ngh\u1ec7 ti\u00ean ti\u1ebfn trong \u0111i\u1ec1u tr\u1ecb nha khoa gi\u00fap b\u1ea1n c\u00f3 l\u1ea1i r\u0103ng m\u1edbi nh\u00e2n t\u1ea1o v\u1edbi ch\u1ee9c n\u0103ng nh\u01b0 r\u0103ng th\u1eadt. Ph\u01b0\u01a1ng ph\u00e1p n\u00e0y th\u01b0\u1eddng \u0111\u01b0\u1ee3c \u00e1p d\u1ee5ng trong c\u00e1c tr\u01b0\u1eddng h\u1ee3p m\u1ea5t r\u0103ng v\u0129nh vi\u1ec5n \u0111\u00e3 l\u00e2u hay r\u0103ng \u0111ang h\u01b0 c\u1ea7n [&#8230;]\n","protected":false},"author":2,"featured_media":0,"parent":722,"menu_order":0,"comment_status":"closed","ping_status":"closed","template":"","meta":[],"_links":{"self":[{"href":"https:\/\/nhakhoaquocbinh.com\/en\/wp-json\/wp\/v2\/pages\/741"}],"collection":[{"href":"https:\/\/nhakhoaquocbinh.com\/en\/wp-json\/wp\/v2\/pages"}],"about":[{"href":"https:\/\/nhakhoaquocbinh.com\/en\/wp-json\/wp\/v2\/types\/page"}],"author":[{"embeddable":true,"href":"https:\/\/nhakhoaquocbinh.com\/en\/wp-json\/wp\/v2\/users\/2"}],"replies":[{"embeddable":true,"href":"https:\/\/nhakhoaquocbinh.com\/en\/wp-json\/wp\/v2\/comments?post=741"}],"version-history":[{"count":0,"href":"https:\/\/nhakhoaquocbinh.com\/en\/wp-json\/wp\/v2\/pages\/741\/revisions"}],"up":[{"embeddable":true,"href":"https:\/\/nhakhoaquocbinh.com\/en\/wp-json\/wp\/v2\/pages\/722"}],"wp:attachment":[{"href":"https:\/\/nhakhoaquocbinh.com\/en\/wp-json\/wp\/v2\/media?parent=741"}],"curies":[{"name":"wp","href":"https:\/\/api.w.org\/{rel}","templated":true}]}}